{"id":15,"date":"2015-07-15T10:15:10","date_gmt":"2015-07-15T10:15:10","guid":{"rendered":"http:\/\/www.ptosanjose.com\/wordpress\/?page_id=15"},"modified":"2019-07-11T08:38:24","modified_gmt":"2019-07-11T07:38:24","slug":"colegio","status":"publish","type":"page","link":"https:\/\/www.ptosanjose.com\/colegio\/colegio\/","title":{"rendered":"Colegio"},"content":{"rendered":"<p><strong><img loading=\"lazy\" decoding=\"async\" class=\" alignleft wp-image-213\" src=\"https:\/\/www.ptosanjose.com\/colegio\/wp-content\/uploads\/2015\/07\/antonio_belda.jpg\" alt=\"antonio_belda\" width=\"149\" height=\"207\" \/>Presentaci\u00f3n del Colegio<\/strong><\/p>\n<p><strong>\u00a0<\/strong>Toda persona tiene derecho a la educaci\u00f3n; y, en concreto, todo ni\u00f1o y ni\u00f1a, tiene derecho a una educaci\u00f3n b\u00e1sica y gratuita que le permita el desarrollo de su propia personalidad.<\/p>\n<p>Los padres o tutores son los primeros y principales responsables de la educaci\u00f3n de sus hijos. Tienen derecho a elegir el tipo de educaci\u00f3n que desean para sus hijos,\u00a0 derecho a elegir la escuela que prefieran y\u00a0 derecho a ser respetados en sus convicciones, cuando no tienen posibilidades de opci\u00f3n.<\/p>\n<p>Los profesores tienen\u00a0 derecho a desarrollar su funci\u00f3n docente con libertad, en el marco del lugar que ocupan, del nivel educativo que les corresponde y seg\u00fan las exigencias del Car\u00e1cter Propio del Centro.<\/p>\n<p>La escuela es una de las respuestas institucionales m\u00e1s importantes al derecho de toda persona a la educaci\u00f3n. Es la instituci\u00f3n social que complementa la acci\u00f3n educativa de la familia. Es un factor decisivo para la estructuraci\u00f3n y la vida de la sociedad.<\/p>\n<p>Nuestro colegio es un centro cat\u00f3lico en el que se promueve la formaci\u00f3n integral del alumno, desde una concepci\u00f3n cristiana del hombre, la vida y el mundo. En \u00e9l se crea un ambiente que favorece la vivencia y el testimonio de los valores evang\u00e9licos.<\/p>\n<p>En nuestra misi\u00f3n educadora colaboramos en la formaci\u00f3n de la persona, para que sea agente de su propio desarrollo, obtenga la madurez humana, opte libremente por la fe y se comprometa en la construcci\u00f3n de una sociedad m\u00e1s justa y fraternal, basada en la verdad, en la paz y en el amor.<\/p>\n<p>Queremos realizar esta misi\u00f3n en actitud de acogida a todos y atenci\u00f3n preferente a los m\u00e1s necesitados; en disposici\u00f3n de servicio constante, realizado con sencillez, austeridad y alegr\u00eda; con una entrega generosa y permanente a los alumnos, confiando en la capacidad de superaci\u00f3n de la persona; armonizando la energ\u00eda con la\u00a0 bondad, en un trato sencillo y delicado que ayude a los alumnos a sentirse \u201ccomo en familia\u201d.<\/p>\n<p>Nuestro colegio es un centro concertado; nos acogemos a la financiaci\u00f3n p\u00fablica, de acuerdo con las leyes, para evitar la discriminaci\u00f3n por motivos econ\u00f3micos y favorecer la gratuidad de la educaci\u00f3n.<\/p>\n<p>En nuestro quehacer educativo, partimos de la situaci\u00f3n real de cada alumno y del conocimiento de su entorno. Tenemos en cuenta sus intereses y aptitudes. Orientamos nuestra acci\u00f3n a dar respuesta a sus necesidades y expectativas.<\/p>\n<p>Orientamos al alumno para que opte por los valores que configurar\u00e1n\u00a0 su personalidad. Le ayudamos a que no s\u00f3lo aprenda a hacer y pensar sino tambi\u00e9n a ser y compartir. Pretendemos que toda la acci\u00f3n educativa se inspire en una propuesta coherente de valores y exprese una vivencia de actitudes.<\/p>\n<p>Creemos que la educaci\u00f3n escolar se realiza, en gran parte, a trav\u00e9s de la adquisici\u00f3n y asimilaci\u00f3n cr\u00edtica de la cultura. Por ello, damos importancia al desarrollo intelectual potenciando la inquietud y el deseo de b\u00fasqueda de la verdad, la capacidad de observar, comprender, analizar, sintetizar y evaluar; as\u00ed como el aprendizaje de t\u00e9cnicas de estudio y de trabajo que posibiliten su acceso continuo y progresivo al saber.<\/p>\n<p>Favorecemos el desarrollo de las m\u00faltiples posibilidades de expresi\u00f3n. Educamos la sensibilidad y el cuerpo como instrumento de comunicaci\u00f3n. Estimulamos la creatividad y la sensibilidad para captar y recrear la belleza.<\/p>\n<p>Aunque valoramos lo humano por encima de lo tecnol\u00f3gico y reconocemos el valor artesanal de las destrezas manuales, en nuestra tarea educativa, incorporamos el avance tecnol\u00f3gico de la sociedad. Con este criterio, capacitamos al alumno para la comprensi\u00f3n y uso de nuevas formas de comunicaci\u00f3n; le ayudamos a desarrollar su capacidad y destrezas t\u00e9cnicas.<\/p>\n<p>Consideramos que la educaci\u00f3n no se limita a la tarea realizada dentro del horario escolar. Procuramos por ello, fomentar actividades extraescolares que favorezcan la educaci\u00f3n del tiempo libre y despierten intereses y aficiones que ofrezcan respuestas a las inquietudes culturales, sociales y religiosas de los alumnos y padres. Colaboramos en las actividades que promueven otras instituciones educativas.<\/p>\n<p>Adoptamos una educaci\u00f3n metodol\u00f3gica activa, abierta y flexible que estimule el inter\u00e9s y la motivaci\u00f3n como condiciones que favorecen el aprendizaje; que potencie la experimentaci\u00f3n\/investigaci\u00f3n; que fomente la iniciativa y la espontaneidad; que promueva el trabajo personal y de grupo; que ayude a los alumnos a sentirse a gusto en el trabajo que realizan; que nos ayude a integrar los avances pedag\u00f3gicos y nos exija una actitud de actualizaci\u00f3n y b\u00fasqueda permanente.<\/p>\n<p>Nuestra propuesta educativa se realiza a trav\u00e9s de una estructura y con un estilo concreto. Nuestro colegio, decimos, debe ser comunidad educativa y, para ello, es necesaria la participaci\u00f3n de todos.<\/p>\n<p style=\"text-align: right;\">Antonio Belda Mart\u00ednez<\/p>\n<p style=\"text-align: right;\">DIRECTOR TITULAR<\/p>\n","protected":false},"excerpt":{"rendered":"<p>Presentaci\u00f3n del Colegio \u00a0Toda persona tiene derecho a la educaci\u00f3n; y, en concreto, todo ni\u00f1o y ni\u00f1a, tiene derecho a &hellip; <\/p>\n","protected":false},"author":1,"featured_media":0,"parent":0,"menu_order":0,"comment_status":"closed","ping_status":"closed","template":"","meta":{"_eb_attr":"","footnotes":""},"class_list":["post-15","page","type-page","status-publish","hentry","latest_post"],"_links":{"self":[{"href":"https:\/\/www.ptosanjose.com\/colegio\/wp-json\/wp\/v2\/pages\/15","targetHints":{"allow":["GET"]}}],"collection":[{"href":"https:\/\/www.ptosanjose.com\/colegio\/wp-json\/wp\/v2\/pages"}],"about":[{"href":"https:\/\/www.ptosanjose.com\/colegio\/wp-json\/wp\/v2\/types\/page"}],"author":[{"embeddable":true,"href":"https:\/\/www.ptosanjose.com\/colegio\/wp-json\/wp\/v2\/users\/1"}],"replies":[{"embeddable":true,"href":"https:\/\/www.ptosanjose.com\/colegio\/wp-json\/wp\/v2\/comments?post=15"}],"version-history":[{"count":10,"href":"https:\/\/www.ptosanjose.com\/colegio\/wp-json\/wp\/v2\/pages\/15\/revisions"}],"predecessor-version":[{"id":2676,"href":"https:\/\/www.ptosanjose.com\/colegio\/wp-json\/wp\/v2\/pages\/15\/revisions\/2676"}],"wp:attachment":[{"href":"https:\/\/www.ptosanjose.com\/colegio\/wp-json\/wp\/v2\/media?parent=15"}],"curies":[{"name":"wp","href":"https:\/\/api.w.org\/{rel}","templated":true}]}}