{"id":178,"date":"2015-09-02T11:02:10","date_gmt":"2015-09-02T11:02:10","guid":{"rendered":"http:\/\/www.ptosanjose.com\/?page_id=178"},"modified":"2017-03-02T21:27:13","modified_gmt":"2017-03-02T21:27:13","slug":"consejo-escolar","status":"publish","type":"page","link":"https:\/\/www.ptosanjose.com\/colegio\/colegio\/consejo-escolar\/","title":{"rendered":"Consejo Escolar"},"content":{"rendered":"<p>&nbsp;<\/p>\n<p><strong>Presidente<\/strong><\/p>\n<p><b>\u00a0<\/b>Jorge L. MAR\u00cd FERRER (Director T\u00e9cnico\/Pedag\u00f3gico)<\/p>\n<p><b>Representantes de la Titularidad<\/b><\/p>\n<p><b>\u00a0<\/b>Antonio BELDA MART\u00cdNEZ (Director\/Titular)<\/p>\n<p>D\u00aa M\u00aa Isabel L\u00d3PEZ CATAL\u00c1 (Prof.ESO\/Ciclos)<\/p>\n<p>D\u00aa Inmaculada ROS PASCUAL (Jefe de Estudios)<\/p>\n<p><b>Representantes de Profesorado<\/b><\/p>\n<p><b>\u00a0<\/b>D\u00aa Teresa BLANCO DOMINGO (Coordinadora Ed.Infantil)<\/p>\n<p>Roberto ESTELL\u00c9S VALERO (Orientador\/Psic\u00f3logo ESO)<\/p>\n<p>D\u00aa Antonia GRANELL DOM\u00c9NECH (Coordinadora Enfermer\u00eda)<\/p>\n<p>Jos\u00e9 P\u00c9REZ CA\u00d1AVERAS (Coordinador 1<sup>er<\/sup>Ciclo ESO)<\/p>\n<h5><b>Representantes Padres<\/b><\/h5>\n<p>Blas CASINOS BELTR\u00c1N (Ed. Primaria)<\/p>\n<p>Jos\u00e9 GARC\u00cdA ADELL (Ciclos Formativos)<\/p>\n<p>Santiago GARC\u00cdA BLASCO (Ed. Infantil)<\/p>\n<p>D\u00aa Julia OLMEDA JU\u00c1REZ (Ed.Secundaria\/ESO)<\/p>\n<h5><b>Representantes Alumnos<\/b><\/h5>\n<p>Alejandro D\u00cdAZ MURCIA (Alumno 3\u00ba ESO)<\/p>\n<p>Ignacio BOSCH TORRENTE (Alumno 1\u00ba CFGM)<\/p>\n<h5><b>Representantes Personal Administrativo y Servicios<\/b><\/h5>\n<p>D\u00aa M\u00aa Carmen MART\u00cdNEZ RECATAL\u00c1 (Mantenimiento y Limpieza)<\/p>\n<p>&nbsp;<\/p>\n<p>&nbsp;<\/p>\n","protected":false},"excerpt":{"rendered":"<p>&nbsp; Presidente \u00a0Jorge L. MAR\u00cd FERRER (Director T\u00e9cnico\/Pedag\u00f3gico) Representantes de la Titularidad \u00a0Antonio BELDA MART\u00cdNEZ (Director\/Titular) D\u00aa M\u00aa Isabel L\u00d3PEZ &hellip; <\/p>\n","protected":false},"author":1,"featured_media":0,"parent":15,"menu_order":0,"comment_status":"closed","ping_status":"open","template":"","meta":{"_eb_attr":"","footnotes":""},"class_list":["post-178","page","type-page","status-publish","hentry","latest_post"],"_links":{"self":[{"href":"https:\/\/www.ptosanjose.com\/colegio\/wp-json\/wp\/v2\/pages\/178","targetHints":{"allow":["GET"]}}],"collection":[{"href":"https:\/\/www.ptosanjose.com\/colegio\/wp-json\/wp\/v2\/pages"}],"about":[{"href":"https:\/\/www.ptosanjose.com\/colegio\/wp-json\/wp\/v2\/types\/page"}],"author":[{"embeddable":true,"href":"https:\/\/www.ptosanjose.com\/colegio\/wp-json\/wp\/v2\/users\/1"}],"replies":[{"embeddable":true,"href":"https:\/\/www.ptosanjose.com\/colegio\/wp-json\/wp\/v2\/comments?post=178"}],"version-history":[{"count":1,"href":"https:\/\/www.ptosanjose.com\/colegio\/wp-json\/wp\/v2\/pages\/178\/revisions"}],"predecessor-version":[{"id":179,"href":"https:\/\/www.ptosanjose.com\/colegio\/wp-json\/wp\/v2\/pages\/178\/revisions\/179"}],"up":[{"embeddable":true,"href":"https:\/\/www.ptosanjose.com\/colegio\/wp-json\/wp\/v2\/pages\/15"}],"wp:attachment":[{"href":"https:\/\/www.ptosanjose.com\/colegio\/wp-json\/wp\/v2\/media?parent=178"}],"curies":[{"name":"wp","href":"https:\/\/api.w.org\/{rel}","templated":true}]}}