{"id":183,"date":"2015-09-02T11:07:05","date_gmt":"2015-09-02T11:07:05","guid":{"rendered":"http:\/\/www.ptosanjose.com\/?page_id=183"},"modified":"2022-07-11T11:40:53","modified_gmt":"2022-07-11T10:40:53","slug":"asociacion-de-padres","status":"publish","type":"page","link":"https:\/\/www.ptosanjose.com\/colegio\/servicios\/asociacion-de-padres\/","title":{"rendered":"Asociaci\u00f3n de Padres"},"content":{"rendered":"<p style=\"text-align: justify;\"><span style=\"font-family: verdana, geneva, sans-serif;\">Dirigida a padres, madres y tutores de los alumnos\/as matriculados en el Centro y cuya finalidad es a<\/span><span style=\"font-family: verdana, geneva, sans-serif;\">sistirlos en todo lo que concierne a la educaci\u00f3n de sus hijos\/as: a<\/span><span style=\"font-family: verdana, geneva, sans-serif;\">sistencia y asesoramiento, gesti\u00f3n de libros de texto, programas de educaci\u00f3n familiar y Escuela de Padres, organizaci\u00f3n de actividades extraescolares y complementarias, culturales y deportivas.<\/span><\/p>\n<p>&nbsp;<\/p>\n<p><span style=\"font-family: verdana, geneva, sans-serif;\"><b>Objetivos:<\/b><\/span><\/p>\n<ol>\n<li style=\"text-align: justify;\"><span style=\"font-family: verdana, geneva, sans-serif;\">Participar en los \u00f3rganos colegiados del centro, municipio, provincia, comunidad aut\u00f3noma y Administraci\u00f3n Central del Estado.<\/span><\/li>\n<li style=\"text-align: justify;\"><span style=\"font-family: verdana, geneva, sans-serif;\">Participar en la labor educativa del centro, proponiendo y colaborando en las actividades extraescolares y complementarias, culturales, deportivas y recreativas.<\/span><\/li>\n<li style=\"text-align: justify;\"><span style=\"font-family: verdana, geneva, sans-serif;\">Informar, orientar y estimular a los padres respecto a las obligaciones y derechos en relaci\u00f3n con la educaci\u00f3n de sus hijos\/as.<\/span><\/li>\n<li style=\"text-align: justify;\"><span style=\"font-family: verdana, geneva, sans-serif;\">Desarrollar programas de educaci\u00f3n familiar sobre conocimientos y orientaciones en relacionadas con su funci\u00f3n educadora.<\/span><\/li>\n<li style=\"text-align: justify;\"><span style=\"font-family: verdana, geneva, sans-serif;\">Contribuir en el buen funcionamiento de los diversos servicios del centro.<\/span><\/li>\n<\/ol>\n<ol start=\"6\">\n<li style=\"text-align: justify;\"><span style=\"font-family: verdana, geneva, sans-serif;\">Velar por el respeto de los derechos y el cumplimiento de los deberes del alumnado.<\/span><\/li>\n<\/ol>\n<p style=\"text-align: justify;\"><span style=\"font-family: verdana, geneva, sans-serif;\">Regidos por la Asamblea General que comprende a todos los padres\/madres y la Junta de Gobierno.<\/span><\/p>\n<p>&nbsp;<\/p>\n<div><span style=\"font-family: verdana, geneva, sans-serif;\"><b>Presidente:<\/b>\u00a0Blas Casinos<\/span><\/div>\n<div><\/div>\n<div><span style=\"font-family: verdana, geneva, sans-serif;\"><b>Contacto:<\/b>\u00a0<a href=\"mailto:ampa@ptosanjose.com\" target=\"_blank\" rel=\"noopener\">ampa@ptosanjose.com<\/a><\/span><\/div>\n<div><\/div>\n<div><span style=\"font-family: verdana, geneva, sans-serif;\"><b>Horario de atenci\u00f3n:\u00a0<\/b>mediante cita previa a trav\u00e9s del correo electr\u00f3nico<\/span><\/div>\n<div><\/div>\n<div><span style=\"font-family: verdana, geneva, sans-serif;\"><strong>Ficha de inscripci\u00f3n: <\/strong><a href=\"https:\/\/drive.google.com\/file\/d\/1D-qxXn7KaRZC8K1yP1Ghm2BB3qDNxqym\/view?usp=sharing\">ENLACE<\/a><\/span><\/div>\n<div><\/div>\n<p>&nbsp;<\/p>\n","protected":false},"excerpt":{"rendered":"<p>Dirigida a padres, madres y tutores de los alumnos\/as matriculados en el Centro y cuya finalidad es asistirlos en todo &hellip; <\/p>\n","protected":false},"author":1,"featured_media":0,"parent":57,"menu_order":0,"comment_status":"closed","ping_status":"open","template":"","meta":{"_eb_attr":"","footnotes":""},"class_list":["post-183","page","type-page","status-publish","hentry","latest_post"],"_links":{"self":[{"href":"https:\/\/www.ptosanjose.com\/colegio\/wp-json\/wp\/v2\/pages\/183","targetHints":{"allow":["GET"]}}],"collection":[{"href":"https:\/\/www.ptosanjose.com\/colegio\/wp-json\/wp\/v2\/pages"}],"about":[{"href":"https:\/\/www.ptosanjose.com\/colegio\/wp-json\/wp\/v2\/types\/page"}],"author":[{"embeddable":true,"href":"https:\/\/www.ptosanjose.com\/colegio\/wp-json\/wp\/v2\/users\/1"}],"replies":[{"embeddable":true,"href":"https:\/\/www.ptosanjose.com\/colegio\/wp-json\/wp\/v2\/comments?post=183"}],"version-history":[{"count":7,"href":"https:\/\/www.ptosanjose.com\/colegio\/wp-json\/wp\/v2\/pages\/183\/revisions"}],"predecessor-version":[{"id":5212,"href":"https:\/\/www.ptosanjose.com\/colegio\/wp-json\/wp\/v2\/pages\/183\/revisions\/5212"}],"up":[{"embeddable":true,"href":"https:\/\/www.ptosanjose.com\/colegio\/wp-json\/wp\/v2\/pages\/57"}],"wp:attachment":[{"href":"https:\/\/www.ptosanjose.com\/colegio\/wp-json\/wp\/v2\/media?parent=183"}],"curies":[{"name":"wp","href":"https:\/\/api.w.org\/{rel}","templated":true}]}}