{"id":2639,"date":"2019-06-17T19:26:43","date_gmt":"2019-06-17T18:26:43","guid":{"rendered":"http:\/\/www.ptosanjose.com\/colegio\/?page_id=2639"},"modified":"2019-06-18T09:53:48","modified_gmt":"2019-06-18T08:53:48","slug":"importante","status":"publish","type":"page","link":"https:\/\/www.ptosanjose.com\/colegio\/destacadas-portada\/importante\/","title":{"rendered":"IMPORTANTE &#8211; BANCO DE LIBROS"},"content":{"rendered":"<p>Enlaces para participar en el programa del banco de libros.<\/p>\n<p><!--more--><\/p>\n<p>La solicitud se realizar\u00e1 de forma telem\u00e1tica a trav\u00e9s de la p\u00e1gina web de la conseller\u00eda de Educaci\u00f3n, siguiendo este enlace:<\/p>\n<p><a href=\"https:\/\/www.tramita.gva.es\/ctt-att-atr\/asistente\/iniciarTramite.html?tramite=XARXALLIBRES-F2-BLL-SF&amp;version=2&amp;login=a&amp;idioma=va&amp;idCatGuc=PR&amp;idProcGuc=18094\" target=\"_blank\" rel=\"noopener\" data-saferedirecturl=\"https:\/\/www.google.com\/url?q=https:\/\/www.tramita.gva.es\/ctt-att-atr\/asistente\/iniciarTramite.html?tramite%3DXARXALLIBRES-F2-BLL-SF%26version%3D2%26login%3Da%26idioma%3Dva%26idCatGuc%3DPR%26idProcGuc%3D18094&amp;source=gmail&amp;ust=1560880938873000&amp;usg=AFQjCNG55fbuiOWc6IhVbl6TvxBDyfwR1g\">NUEVA INCORPORACI\u00d3N PROGRAMA XARXA-LLIBRES<\/a><\/p>\n<p><a href=\"https:\/\/drive.google.com\/open?id=10M1ZJmbIOvQd8xdqeJ7ZKSPZcSUtdW-V\">Renovaci\u00f3n para alumnos de primaria<\/a><\/p>\n<p><a href=\"https:\/\/drive.google.com\/a\/ptosanjose.com\/file\/d\/1hVkwDn9xona_SX2GP4n1821NrPY5SSg2\/view?usp=drivesdk\">Renovaci\u00f3n para alumnos de secundaria<\/a><\/p>\n<p>&nbsp;<\/p>\n<p>&nbsp;<\/p>\n","protected":false},"excerpt":{"rendered":"<p>Enlaces para participar en el programa del banco de libros.<\/p>\n","protected":false},"author":1,"featured_media":2643,"parent":2422,"menu_order":0,"comment_status":"closed","ping_status":"closed","template":"","meta":{"_eb_attr":"","footnotes":""},"class_list":["post-2639","page","type-page","status-publish","has-post-thumbnail","hentry","latest_post"],"_links":{"self":[{"href":"https:\/\/www.ptosanjose.com\/colegio\/wp-json\/wp\/v2\/pages\/2639","targetHints":{"allow":["GET"]}}],"collection":[{"href":"https:\/\/www.ptosanjose.com\/colegio\/wp-json\/wp\/v2\/pages"}],"about":[{"href":"https:\/\/www.ptosanjose.com\/colegio\/wp-json\/wp\/v2\/types\/page"}],"author":[{"embeddable":true,"href":"https:\/\/www.ptosanjose.com\/colegio\/wp-json\/wp\/v2\/users\/1"}],"replies":[{"embeddable":true,"href":"https:\/\/www.ptosanjose.com\/colegio\/wp-json\/wp\/v2\/comments?post=2639"}],"version-history":[{"count":6,"href":"https:\/\/www.ptosanjose.com\/colegio\/wp-json\/wp\/v2\/pages\/2639\/revisions"}],"predecessor-version":[{"id":2646,"href":"https:\/\/www.ptosanjose.com\/colegio\/wp-json\/wp\/v2\/pages\/2639\/revisions\/2646"}],"up":[{"embeddable":true,"href":"https:\/\/www.ptosanjose.com\/colegio\/wp-json\/wp\/v2\/pages\/2422"}],"wp:featuredmedia":[{"embeddable":true,"href":"https:\/\/www.ptosanjose.com\/colegio\/wp-json\/wp\/v2\/media\/2643"}],"wp:attachment":[{"href":"https:\/\/www.ptosanjose.com\/colegio\/wp-json\/wp\/v2\/media?parent=2639"}],"curies":[{"name":"wp","href":"https:\/\/api.w.org\/{rel}","templated":true}]}}