{"id":3620,"date":"2020-05-23T14:46:35","date_gmt":"2020-05-23T13:46:35","guid":{"rendered":"http:\/\/www.ptosanjose.com\/colegio\/?page_id=3620"},"modified":"2022-07-13T14:35:29","modified_gmt":"2022-07-13T13:35:29","slug":"objetivo","status":"publish","type":"page","link":"https:\/\/www.ptosanjose.com\/colegio\/colegio\/objetivo\/","title":{"rendered":"Misi\u00f3n &#8211; Visi\u00f3n &#8211; Valores"},"content":{"rendered":"\n<p><strong>Misi\u00f3n<\/strong><\/p>\n\n\n\n<p>Como Colegio Diocesano favorecemos la educaci\u00f3n de cada uno de los alumnos desde una concepci\u00f3n cristiana de la vida, del hombre y del mundo estableciendo una s\u00edntesis entre la fe y las distintas disciplinas acad\u00e9micas, siguiendo las directrices de la Iglesia Diocesana en Valencia.<\/p>\n\n\n\n<p><strong>Visi\u00f3n&nbsp;<\/strong><\/p>\n\n\n\n<p>Nuestra labor educativa como Colegio Diocesano se determina en tres ejes vertebradores: la Familia, el Colegio y la Parroquia.&nbsp;<\/p>\n\n\n\n<p>\u00c9stos son, sin duda, los pilares fundamentales sobre los que se cimienta nuestra raz\u00f3n de ser. Para ello, generamos estructuras organizativas claras y definidas en nuestro centro para que toda la comunidad educativa asuma correctamente sus responsabilidades y funciones.&nbsp;<\/p>\n\n\n\n<p><strong>Valores&nbsp;<\/strong><\/p>\n\n\n\n<p>Las claves para el proceso educativo de un Colegio Diocesano se traducen en las siguientes Virtudes:<\/p>\n\n\n\n<ul class=\"wp-block-list\"><li><strong>Fe<\/strong>: Hombre en relaci\u00f3n con Dios<\/li><li><strong>Esperanza<\/strong>: Pedagog\u00eda centrada en el desarrollo de las potencialidades de cada alumno<\/li><li><strong>Caridad<\/strong>: La vida como don recibido para ser a su vez dado<\/li><\/ul>\n","protected":false},"excerpt":{"rendered":"<p>Misi\u00f3n Como Colegio Diocesano favorecemos la educaci\u00f3n de cada uno de los alumnos desde una concepci\u00f3n cristiana de la vida, &hellip; <\/p>\n","protected":false},"author":1,"featured_media":0,"parent":15,"menu_order":0,"comment_status":"closed","ping_status":"closed","template":"","meta":{"_eb_attr":"","footnotes":""},"class_list":["post-3620","page","type-page","status-publish","hentry","latest_post"],"_links":{"self":[{"href":"https:\/\/www.ptosanjose.com\/colegio\/wp-json\/wp\/v2\/pages\/3620","targetHints":{"allow":["GET"]}}],"collection":[{"href":"https:\/\/www.ptosanjose.com\/colegio\/wp-json\/wp\/v2\/pages"}],"about":[{"href":"https:\/\/www.ptosanjose.com\/colegio\/wp-json\/wp\/v2\/types\/page"}],"author":[{"embeddable":true,"href":"https:\/\/www.ptosanjose.com\/colegio\/wp-json\/wp\/v2\/users\/1"}],"replies":[{"embeddable":true,"href":"https:\/\/www.ptosanjose.com\/colegio\/wp-json\/wp\/v2\/comments?post=3620"}],"version-history":[{"count":5,"href":"https:\/\/www.ptosanjose.com\/colegio\/wp-json\/wp\/v2\/pages\/3620\/revisions"}],"predecessor-version":[{"id":5221,"href":"https:\/\/www.ptosanjose.com\/colegio\/wp-json\/wp\/v2\/pages\/3620\/revisions\/5221"}],"up":[{"embeddable":true,"href":"https:\/\/www.ptosanjose.com\/colegio\/wp-json\/wp\/v2\/pages\/15"}],"wp:attachment":[{"href":"https:\/\/www.ptosanjose.com\/colegio\/wp-json\/wp\/v2\/media?parent=3620"}],"curies":[{"name":"wp","href":"https:\/\/api.w.org\/{rel}","templated":true}]}}