{"id":3813,"date":"2020-07-30T08:51:57","date_gmt":"2020-07-30T07:51:57","guid":{"rendered":"http:\/\/www.ptosanjose.com\/colegio\/?page_id=3813"},"modified":"2020-09-01T10:06:23","modified_gmt":"2020-09-01T09:06:23","slug":"matricula-ciclos-formativos-2020-2021","status":"publish","type":"page","link":"https:\/\/www.ptosanjose.com\/colegio\/ciclos-formativos\/matricula-ciclos-formativos-2020-2021\/","title":{"rendered":"Matr\u00edcula Ciclos formativos 2020-2021"},"content":{"rendered":"\n<ul class=\"wp-block-list\"><li><a rel=\"noreferrer noopener\" href=\"https:\/\/drive.google.com\/file\/d\/18L4VK7tV7zppodJbkJwS4BE8x0is9Zv2\/view?usp=sharing\" target=\"_blank\">Listado de admitidos<\/a><\/li><li><a href=\"https:\/\/drive.google.com\/file\/d\/1Oo1Q9eH0PrXllyCkj3dvw49BRFcMYxhq\/view?usp=sharing\">Turnos de matr\u00edcula (septiembre)<\/a><\/li><li><a rel=\"noreferrer noopener\" href=\"https:\/\/drive.google.com\/file\/d\/12HJPVeo97sQ2SVchgWRzvxRMIVMivwnU\/view?usp=sharing\" target=\"_blank\">Hoja de matr\u00edcula<\/a> (traer debidamente cumplimentada el d\u00eda de la matr\u00edcula)<\/li><li><a href=\"https:\/\/www.ptosanjose.com\/colegio\/materiales-curriculares-2020-2021\/\">Materiales curriculares<\/a><\/li><\/ul>\n\n\n\n<p><\/p>\n","protected":false},"excerpt":{"rendered":"<p>Listado de admitidos Turnos de matr\u00edcula (septiembre) Hoja de matr\u00edcula (traer debidamente cumplimentada el d\u00eda de la matr\u00edcula) Materiales curriculares<\/p>\n","protected":false},"author":1,"featured_media":76,"parent":591,"menu_order":0,"comment_status":"closed","ping_status":"closed","template":"","meta":{"_eb_attr":"","footnotes":""},"class_list":["post-3813","page","type-page","status-publish","has-post-thumbnail","hentry","latest_post"],"_links":{"self":[{"href":"https:\/\/www.ptosanjose.com\/colegio\/wp-json\/wp\/v2\/pages\/3813","targetHints":{"allow":["GET"]}}],"collection":[{"href":"https:\/\/www.ptosanjose.com\/colegio\/wp-json\/wp\/v2\/pages"}],"about":[{"href":"https:\/\/www.ptosanjose.com\/colegio\/wp-json\/wp\/v2\/types\/page"}],"author":[{"embeddable":true,"href":"https:\/\/www.ptosanjose.com\/colegio\/wp-json\/wp\/v2\/users\/1"}],"replies":[{"embeddable":true,"href":"https:\/\/www.ptosanjose.com\/colegio\/wp-json\/wp\/v2\/comments?post=3813"}],"version-history":[{"count":4,"href":"https:\/\/www.ptosanjose.com\/colegio\/wp-json\/wp\/v2\/pages\/3813\/revisions"}],"predecessor-version":[{"id":3837,"href":"https:\/\/www.ptosanjose.com\/colegio\/wp-json\/wp\/v2\/pages\/3813\/revisions\/3837"}],"up":[{"embeddable":true,"href":"https:\/\/www.ptosanjose.com\/colegio\/wp-json\/wp\/v2\/pages\/591"}],"wp:featuredmedia":[{"embeddable":true,"href":"https:\/\/www.ptosanjose.com\/colegio\/wp-json\/wp\/v2\/media\/76"}],"wp:attachment":[{"href":"https:\/\/www.ptosanjose.com\/colegio\/wp-json\/wp\/v2\/media?parent=3813"}],"curies":[{"name":"wp","href":"https:\/\/api.w.org\/{rel}","templated":true}]}}