{"id":3972,"date":"2020-11-07T16:38:25","date_gmt":"2020-11-07T15:38:25","guid":{"rendered":"http:\/\/www.ptosanjose.com\/colegio\/?page_id=3972"},"modified":"2022-07-13T14:40:35","modified_gmt":"2022-07-13T13:40:35","slug":"historia-y-escudo","status":"publish","type":"page","link":"https:\/\/www.ptosanjose.com\/colegio\/historia-y-escudo\/","title":{"rendered":"Historia del colegio"},"content":{"rendered":"<div>\n<p><span style=\"font-weight: 400;\">Los Colegios Diocesanos de Valencia somos centros de Educaci\u00f3n Cat\u00f3lica cuya titularidad la ostenta el Arzobispado directamente a trav\u00e9s de las Parroquias, o bien somos fundaciones civiles o can\u00f3nicas cuya voluntad ha sido que se encomiende su direcci\u00f3n a la Iglesia Diocesana.<\/span><\/p>\n<p>&nbsp;<\/p>\n<\/div>\n<p dir=\"ltr\"><strong><span style=\"color: #960606;\">HISTORIA DEL COLEGIO<\/span><\/strong><\/p>\n<p dir=\"ltr\">En el a\u00f1o 1953 D. Marcelino Olaechea y Loizaga, Arzobispo de Valencia declara erigida la Parroquia de San Jos\u00e9, en la poblaci\u00f3n de Moncada.<\/p>\n<p dir=\"ltr\">A partir de este decreto D. Jes\u00fas Pl\u00e1 Gand\u00eda, p\u00e1rroco-arcipreste de San Jaime Ap\u00f3stol asiste los primeros pasos de esta parroquia.<\/p>\n<p dir=\"ltr\">En 1955 D. Antonio Belda Mart\u00ednez es nombrado el primer cura-p\u00e1rroco de San Jos\u00e9 haciendo su entrada el 25 de Agosto de 1955.<\/p>\n<p dir=\"ltr\">En 1965 se bendicen los solares donde se van a construir la nueva Iglesia Parroquial de San Jos\u00e9, la casa Abad\u00eda con los locales parroquiales y los edificios escolares.<\/p>\n<p dir=\"ltr\">En 1973 se pone en funcionamiento el primer edificio escolar en la calle Santa B\u00e1rbara y en 1978 el segundo edificio en la calle Valencia.<\/p>\n<p dir=\"ltr\">El lema que reza la leyenda del escudo del Colegio dice \u201cPor el estudio, la ciencia, el trabajo y la oraci\u00f3n se llega a la plenitud de los hijos de Dios\u201d.<\/p>\n<p dir=\"ltr\">Ser\u00e1 en 1997 cuando comienzan las obras de la nueva Iglesia de San Jos\u00e9.<\/p>\n<p dir=\"ltr\">En el a\u00f1o 2015 con gran gozo celebramos el cincuenta aniversario del colegio y juntos seguimos caminando.<\/p>\n","protected":false},"excerpt":{"rendered":"<p>Los Colegios Diocesanos de Valencia somos centros de Educaci\u00f3n Cat\u00f3lica cuya titularidad la ostenta el Arzobispado directamente a trav\u00e9s de &hellip; <\/p>\n","protected":false},"author":28,"featured_media":0,"parent":0,"menu_order":0,"comment_status":"closed","ping_status":"closed","template":"","meta":{"_eb_attr":"","footnotes":""},"class_list":["post-3972","page","type-page","status-publish","hentry","latest_post"],"_links":{"self":[{"href":"https:\/\/www.ptosanjose.com\/colegio\/wp-json\/wp\/v2\/pages\/3972","targetHints":{"allow":["GET"]}}],"collection":[{"href":"https:\/\/www.ptosanjose.com\/colegio\/wp-json\/wp\/v2\/pages"}],"about":[{"href":"https:\/\/www.ptosanjose.com\/colegio\/wp-json\/wp\/v2\/types\/page"}],"author":[{"embeddable":true,"href":"https:\/\/www.ptosanjose.com\/colegio\/wp-json\/wp\/v2\/users\/28"}],"replies":[{"embeddable":true,"href":"https:\/\/www.ptosanjose.com\/colegio\/wp-json\/wp\/v2\/comments?post=3972"}],"version-history":[{"count":5,"href":"https:\/\/www.ptosanjose.com\/colegio\/wp-json\/wp\/v2\/pages\/3972\/revisions"}],"predecessor-version":[{"id":5222,"href":"https:\/\/www.ptosanjose.com\/colegio\/wp-json\/wp\/v2\/pages\/3972\/revisions\/5222"}],"wp:attachment":[{"href":"https:\/\/www.ptosanjose.com\/colegio\/wp-json\/wp\/v2\/media?parent=3972"}],"curies":[{"name":"wp","href":"https:\/\/api.w.org\/{rel}","templated":true}]}}