{"id":3988,"date":"2020-11-07T16:52:22","date_gmt":"2020-11-07T15:52:22","guid":{"rendered":"http:\/\/www.ptosanjose.com\/colegio\/?page_id=3988"},"modified":"2025-08-26T17:12:26","modified_gmt":"2025-08-26T16:12:26","slug":"organigrama","status":"publish","type":"page","link":"https:\/\/www.ptosanjose.com\/colegio\/organigrama\/","title":{"rendered":"Organigrama"},"content":{"rendered":"<p>&nbsp;<\/p>\n<table style=\"height: 176px; width: 88.237%; border-collapse: collapse; border-color: #940305; border-style: solid;\" border=\"1\">\n<tbody>\n<tr style=\"height: 56px;\">\n<td style=\"width: 112.005%; background-color: #f7edee; height: 56px;\" colspan=\"2\">\n<p style=\"text-align: center;\"><span style=\"color: #a80c1b;\"><strong>EQUIPO DIRECTIVO<\/strong><\/span><\/p>\n<\/td>\n<\/tr>\n<tr style=\"height: 24px;\">\n<td style=\"width: 24.1567%; height: 24px;\"><strong><span style=\"font-family: arial, helvetica, sans-serif;\">Titular<\/span><\/strong><\/td>\n<td style=\"width: 87.8488%; height: 24px; text-align: center;\"><span style=\"font-family: arial, helvetica, sans-serif;\">D. Jos\u00e9 Luis Llopis<\/span><\/td>\n<\/tr>\n<tr style=\"height: 24px;\">\n<td style=\"width: 24.1567%; height: 24px;\"><span style=\"font-family: arial, helvetica, sans-serif;\"><strong>Director Pedag\u00f3gico<\/strong><\/span><\/td>\n<td style=\"width: 87.8488%; height: 24px; text-align: center;\"><span style=\"font-family: arial, helvetica, sans-serif;\">Pepe Albiach<\/span><\/td>\n<\/tr>\n<tr style=\"height: 24px;\">\n<td style=\"width: 24.1567%; height: 24px;\"><span style=\"font-family: arial, helvetica, sans-serif;\"><strong>Jefe de estudios<\/strong><\/span><\/td>\n<td style=\"width: 87.8488%; height: 24px; text-align: center;\"><span style=\"font-family: arial, helvetica, sans-serif;\">Miguel \u00c1ngel Mart\u00ednez<\/span><\/td>\n<\/tr>\n<tr style=\"height: 24px;\">\n<td style=\"width: 24.1567%; height: 24px;\"><span style=\"font-family: arial, helvetica, sans-serif;\"><strong>Secretaria<\/strong><\/span><\/td>\n<td style=\"width: 87.8488%; height: 24px; text-align: center;\"><span style=\"font-family: arial, helvetica, sans-serif;\">Mar\u00eda Pozo<\/span><\/td>\n<\/tr>\n<tr style=\"height: 24px;\">\n<td style=\"width: 24.1567%; height: 24px;\"><span style=\"font-family: arial, helvetica, sans-serif;\"><strong>Pastoral<\/strong><\/span><\/td>\n<td style=\"width: 87.8488%; height: 24px; text-align: center;\"><span style=\"font-family: arial, helvetica, sans-serif;\">D. Ignacio Mart\u00edn<\/span><\/td>\n<\/tr>\n<\/tbody>\n<\/table>\n<p>&nbsp;<\/p>\n<table style=\"height: 266px; width: 88.1788%; border-collapse: collapse; border-color: #940305; border-style: solid;\" border=\"1\">\n<tbody>\n<tr style=\"height: 56px;\">\n<td style=\"width: 129.479%; background-color: #f7edee; height: 56px;\" colspan=\"2\">\n<p style=\"text-align: center;\"><span style=\"color: #a80c1b;\"><strong>INFANTIL<\/strong><\/span><\/p>\n<\/td>\n<\/tr>\n<tr style=\"height: 48px;\">\n<td style=\"width: 129.479%; text-align: center; height: 48px;\" colspan=\"2\"><strong><span style=\"font-family: arial, helvetica, sans-serif;\">Coordinaci\u00f3n<\/span><\/strong><br \/>\n<span style=\"font-family: arial, helvetica, sans-serif;\">Ana Bel\u00e9n Echecopar<\/span><\/td>\n<\/tr>\n<tr style=\"height: 24px;\">\n<td style=\"width: 20.8102%; text-align: center; height: 24px;\"><strong><span style=\"font-family: arial, helvetica, sans-serif;\">Tutora 1 a\u00f1o<\/span><\/strong><\/td>\n<td style=\"width: 108.669%; text-align: center; height: 24px;\"><span style=\"font-family: arial, helvetica, sans-serif;\">Beatriz Oliver<\/span><\/td>\n<\/tr>\n<tr style=\"height: 24px;\">\n<td style=\"width: 20.8102%; text-align: center; height: 24px;\"><strong><span style=\"font-family: arial, helvetica, sans-serif;\">Tutora 2 a\u00f1os<\/span><\/strong><\/td>\n<td style=\"width: 108.669%; text-align: center; height: 24px;\"><span style=\"font-family: arial, helvetica, sans-serif;\">N\u00faria Quesada<\/span><\/td>\n<\/tr>\n<tr style=\"height: 24px;\">\n<td style=\"width: 20.8102%; text-align: center; height: 24px;\"><strong><span style=\"font-family: arial, helvetica, sans-serif;\">Apoyo 1er ciclo<\/span><\/strong><\/td>\n<td style=\"width: 108.669%; text-align: center; height: 24px;\"><span style=\"font-family: arial, helvetica, sans-serif;\">Celia Torrijos<\/span><\/td>\n<\/tr>\n<tr style=\"height: 24px;\">\n<td style=\"width: 20.8102%; height: 24px; text-align: center;\"><strong><span style=\"font-family: arial, helvetica, sans-serif;\">Tutora 3 a\u00f1os\u00a0<\/span><\/strong><\/td>\n<td style=\"width: 108.669%; height: 24px; text-align: center;\"><span style=\"font-family: arial, helvetica, sans-serif;\">Marien Mendiola<\/span><\/td>\n<\/tr>\n<tr style=\"height: 24px;\">\n<td style=\"width: 20.8102%; height: 24px; text-align: center;\"><span style=\"font-family: arial, helvetica, sans-serif;\"><strong>Tutora 4 a\u00f1os\u00a0<\/strong><\/span><\/td>\n<td style=\"width: 108.669%; height: 24px; text-align: center;\"><span style=\"font-family: arial, helvetica, sans-serif;\">Mar\u00eda Pozo<\/span><\/td>\n<\/tr>\n<tr style=\"height: 24px;\">\n<td style=\"width: 20.8102%; height: 24px; text-align: center;\"><span style=\"font-family: arial, helvetica, sans-serif;\"><strong>Tutora 5 a\u00f1os\u00a0<\/strong><\/span><\/td>\n<td style=\"width: 108.669%; height: 24px; text-align: center;\"><span style=\"font-family: arial, helvetica, sans-serif;\">Tere Blanco<\/span><\/td>\n<\/tr>\n<tr style=\"height: 48px;\">\n<td style=\"width: 20.8102%; text-align: center; height: 18px;\"><span style=\"font-family: arial, helvetica, sans-serif;\"><strong>Apoyo 2\u00ba ciclo<\/strong><\/span><\/td>\n<td style=\"width: 108.669%; text-align: center; height: 18px;\"><span style=\"font-family: arial, helvetica, sans-serif;\">Ana Bel\u00e9n Echecopar<\/span><\/td>\n<\/tr>\n<\/tbody>\n<\/table>\n<p>&nbsp;<\/p>\n<table style=\"height: 234px; width: 88.3464%; border-collapse: collapse; border-color: #940305; border-style: solid;\" border=\"1\">\n<tbody>\n<tr style=\"height: 56px;\">\n<td style=\"width: 99.7882%; height: 56px; background-color: #f7edee;\" colspan=\"4\">\n<p style=\"text-align: center;\"><span style=\"color: #a80c1b;\"><strong>PRIMARIA<\/strong><\/span><\/p>\n<\/td>\n<\/tr>\n<tr style=\"height: 48px;\">\n<td style=\"width: 99.7882%; text-align: center; height: 48px;\" colspan=\"4\"><strong><span style=\"font-family: arial, helvetica, sans-serif;\">Coordinaci\u00f3n<\/span><\/strong><br \/>\n<span style=\"font-family: arial, helvetica, sans-serif;\">Inma Bosch<\/span><\/td>\n<\/tr>\n<tr style=\"height: 24px;\">\n<td style=\"width: 20.8102%; height: 24px; text-align: center;\"><strong><span style=\"font-family: arial, helvetica, sans-serif;\">Tutora 1\u00ba Primaria<\/span><\/strong><\/td>\n<td style=\"width: 29.0839%; height: 24px; text-align: center;\"><span style=\"font-family: arial, helvetica, sans-serif;\">Ver\u00f3nica Caballero<\/span><\/td>\n<td style=\"width: 20.8102%; text-align: center; height: 24px;\"><span style=\"font-family: arial, helvetica, sans-serif;\"><strong>Maestra\u00a0<\/strong><\/span><\/td>\n<td style=\"width: 29.0839%; text-align: center; height: 24px;\"><span style=\"font-family: arial, helvetica, sans-serif;\">Inma Valero<\/span><\/td>\n<\/tr>\n<tr style=\"height: 24px;\">\n<td style=\"width: 20.8102%; height: 24px; text-align: center;\"><span style=\"font-family: arial, helvetica, sans-serif;\"><strong>Tutora 2\u00ba Primaria<\/strong><\/span><\/td>\n<td style=\"width: 29.0839%; height: 24px; text-align: center;\"><span style=\"font-family: arial, helvetica, sans-serif;\">Inma Bosch<\/span><\/td>\n<td style=\"width: 20.8102%; height: 24px; text-align: center;\"><span style=\"font-family: arial, helvetica, sans-serif;\"><strong>Maestro\u00a0\u00a0<\/strong><\/span><\/td>\n<td style=\"width: 29.0839%; text-align: center; height: 24px;\"><span style=\"font-family: arial, helvetica, sans-serif;\">Pepe Albiach<\/span><\/td>\n<\/tr>\n<tr style=\"height: 24px;\">\n<td style=\"width: 20.8102%; height: 24px; text-align: center;\"><span style=\"font-family: arial, helvetica, sans-serif;\"><strong>Tutora 3\u00ba Primaria<\/strong><\/span><\/td>\n<td style=\"width: 29.0839%; height: 24px; text-align: center;\"><span style=\"font-family: arial, helvetica, sans-serif;\">Carlos Borja<\/span><\/td>\n<td style=\"width: 20.8102%; height: 24px; text-align: center;\"><span style=\"font-family: arial, helvetica, sans-serif;\"><strong>Maestro Ingl\u00e9s<\/strong><\/span><\/td>\n<td style=\"width: 29.0839%; text-align: center; height: 24px;\"><span style=\"font-family: arial, helvetica, sans-serif;\">Pablo Barrachina<\/span><\/td>\n<\/tr>\n<tr style=\"height: 24px;\">\n<td style=\"width: 20.8102%; height: 24px; text-align: center;\"><span style=\"font-family: arial, helvetica, sans-serif;\"><strong>Tutor 4\u00ba Primaria<\/strong><\/span><\/td>\n<td style=\"width: 29.0839%; height: 24px; text-align: center;\"><span style=\"font-family: arial, helvetica, sans-serif;\">Amparo Font<\/span><\/td>\n<td style=\"width: 20.8102%; height: 24px; text-align: center;\"><span style=\"font-family: arial, helvetica, sans-serif;\"><strong>Maestra M\u00fasica<\/strong><\/span><\/td>\n<td style=\"width: 29.0839%; text-align: center; height: 24px;\"><span style=\"font-family: arial, helvetica, sans-serif;\">Inma Bosch<\/span><\/td>\n<\/tr>\n<tr style=\"height: 24px;\">\n<td style=\"width: 20.8102%; height: 24px; text-align: center;\"><span style=\"font-family: arial, helvetica, sans-serif;\"><strong>Tutor 5\u00ba Primaria<\/strong><\/span><\/td>\n<td style=\"width: 29.0839%; height: 24px; text-align: center;\"><span style=\"font-family: arial, helvetica, sans-serif;\">Marina Salinas<\/span><\/td>\n<td style=\"width: 20.8102%; height: 10px; text-align: center;\"><span style=\"font-family: arial, helvetica, sans-serif;\"><strong>Maestro Ed. F\u00edsica<\/strong><\/span><\/td>\n<td style=\"width: 29.0839%; text-align: center; height: 10px;\"><span style=\"font-family: arial, helvetica, sans-serif;\">Nacho Raga\u00a0\u00a0<\/span><\/td>\n<\/tr>\n<tr style=\"height: 24px;\">\n<td style=\"width: 20.8102%; text-align: center; height: 10px;\"><span style=\"font-family: arial, helvetica, sans-serif;\"><strong>Tutora 6\u00ba Primaria<\/strong><\/span><\/td>\n<td style=\"width: 29.0839%; text-align: center; height: 10px;\"><span style=\"font-family: arial, helvetica, sans-serif;\">M\u00aa Carmen Moreno<\/span><\/td>\n<td style=\"width: 20.8102%; height: 10px; text-align: center;\"><span style=\"font-family: arial, helvetica, sans-serif;\"><strong>Maestra AyL<\/strong><\/span><\/td>\n<td style=\"width: 29.0839%; text-align: center; height: 10px;\"><span style=\"font-family: arial, helvetica, sans-serif;\">Elena Montesinos<\/span><\/td>\n<\/tr>\n<\/tbody>\n<\/table>\n<p>&nbsp;<\/p>\n<table style=\"height: 259px; width: 88.2353%; border-collapse: collapse; border-color: #940305; border-style: solid;\" border=\"1\">\n<tbody>\n<tr style=\"height: 56px;\">\n<td style=\"background-color: #f7edee; width: 155.841%; height: 56px;\" colspan=\"4\">\n<p style=\"text-align: center;\"><span style=\"color: #a80c1b;\"><strong>SECUNDARIA<\/strong><\/span><\/p>\n<\/td>\n<\/tr>\n<tr style=\"height: 48px;\">\n<td style=\"width: 155.841%; text-align: center; height: 11px;\" colspan=\"4\"><span style=\"font-family: arial, helvetica, sans-serif;\"><strong>Coordinaci\u00f3n<\/strong><\/span><br \/>\n<span style=\"font-family: arial, helvetica, sans-serif;\">Juan Royo<\/span><\/td>\n<\/tr>\n<tr style=\"height: 24px;\">\n<td style=\"width: 21.1876%; height: 24px; text-align: center;\"><span style=\"font-family: arial, helvetica, sans-serif;\"><strong>Tutores 1\u00ba ESO<\/strong><\/span><\/td>\n<td style=\"width: 29.0527%; height: 24px; text-align: center;\"><span style=\"font-family: arial, helvetica, sans-serif;\">Pepe P\u00e9rez\/Maribel L\u00f3pez<\/span><\/td>\n<td style=\"width: 26.8792%; text-align: center; height: 24px;\"><strong><span style=\"font-family: arial, helvetica, sans-serif;\">Profesor<\/span><\/strong><\/td>\n<td style=\"width: 78.7212%; text-align: center; height: 24px;\"><span style=\"font-family: arial, helvetica, sans-serif;\">Jose Ignacio Serrano<\/span><\/td>\n<\/tr>\n<tr style=\"height: 24px;\">\n<td style=\"width: 21.1876%; height: 24px; text-align: center;\"><span style=\"font-family: arial, helvetica, sans-serif;\"><strong>Tutora 2\u00ba ESO<\/strong><\/span><\/td>\n<td style=\"width: 29.0527%; height: 24px; text-align: center;\"><span style=\"font-family: arial, helvetica, sans-serif;\">Jos\u00e9 Lloris\/ Inma Ros<\/span><\/td>\n<td style=\"width: 26.8792%; text-align: center; height: 24px;\"><strong><span style=\"font-family: arial, helvetica, sans-serif;\">Profesor<\/span><\/strong><\/td>\n<td style=\"width: 78.7212%; text-align: center; height: 24px;\"><span style=\"font-family: arial, helvetica, sans-serif;\">Juan Royo<\/span><\/td>\n<\/tr>\n<tr style=\"height: 24px;\">\n<td style=\"width: 21.1876%; height: 24px; text-align: center;\"><span style=\"font-family: arial, helvetica, sans-serif;\"><strong>Tutor 3\u00ba ESO<\/strong><\/span><\/td>\n<td style=\"width: 29.0527%; height: 24px; text-align: center;\"><span style=\"font-family: arial, helvetica, sans-serif;\">Tatiana C\u00f3rdoba<\/span><\/td>\n<td style=\"width: 26.8792%; text-align: center; height: 24px;\"><strong><span style=\"font-family: arial, helvetica, sans-serif;\">Profesor<\/span><\/strong><\/td>\n<td style=\"width: 78.7212%; text-align: center; height: 24px;\"><span style=\"font-family: arial, helvetica, sans-serif;\">Pepe P\u00e9rez<\/span><\/td>\n<\/tr>\n<tr style=\"height: 24px;\">\n<td style=\"width: 21.1876%; text-align: center; height: 24px;\"><span style=\"font-family: arial, helvetica, sans-serif;\"><strong>Tutor 4\u00ba ESO<\/strong><\/span><\/td>\n<td style=\"width: 29.0527%; text-align: center; height: 24px;\"><span style=\"font-family: arial, helvetica, sans-serif;\">Juan Royo\u00a0<\/span><\/td>\n<td style=\"width: 26.8792%; text-align: center; height: 24px;\"><strong><span style=\"font-family: arial, helvetica, sans-serif;\">Profesor<\/span><\/strong><\/td>\n<td style=\"width: 78.7212%; text-align: center; height: 24px;\"><span style=\"font-family: arial, helvetica, sans-serif;\">Jos\u00e9 Lloris<\/span><\/td>\n<\/tr>\n<tr style=\"height: 24px;\">\n<td style=\"width: 21.1876%; text-align: center; height: 24px;\"><strong><span style=\"font-family: arial, helvetica, sans-serif;\">Tutor 4\u00ba PDC<\/span><\/strong><\/td>\n<td style=\"width: 29.0527%; text-align: center; height: 24px;\"><span style=\"font-family: arial, helvetica, sans-serif;\">Mar\u00eda A\u00f1\u00f3n<\/span><\/td>\n<td style=\"width: 26.8792%; text-align: center; height: 24px;\"><strong><span style=\"font-family: arial, helvetica, sans-serif;\">Profesor<\/span><\/strong><\/td>\n<td style=\"width: 78.7212%; text-align: center; height: 24px;\"><span style=\"font-family: arial, helvetica, sans-serif;\">Miguel \u00c1ngel Mart\u00ednez<\/span><\/td>\n<\/tr>\n<tr style=\"height: 24px;\">\n<td style=\"width: 21.1876%; text-align: center; height: 24px;\"><strong><span style=\"font-family: arial, helvetica, sans-serif;\">Profesora<\/span><\/strong><\/td>\n<td style=\"width: 29.0527%; text-align: center; height: 24px;\"><span style=\"font-family: arial, helvetica, sans-serif;\">Maribel L\u00f3pez<\/span><\/td>\n<td style=\"width: 26.8792%; text-align: center; height: 24px;\"><strong><span style=\"font-family: arial, helvetica, sans-serif;\">Profesora<\/span><\/strong><\/td>\n<td style=\"width: 78.7212%; text-align: center; height: 24px;\"><span style=\"font-family: arial, helvetica, sans-serif;\">M\u00aaCarmen Ferrer<\/span><\/td>\n<\/tr>\n<tr style=\"height: 24px;\">\n<td style=\"width: 21.1876%; text-align: center; height: 24px;\"><strong><span style=\"font-family: arial, helvetica, sans-serif;\">Profesor<\/span><\/strong><\/td>\n<td style=\"width: 29.0527%; text-align: center; height: 24px;\"><span style=\"font-family: arial, helvetica, sans-serif;\">Jorge Mar\u00ed<\/span><\/td>\n<td style=\"width: 26.8792%; text-align: center; height: 24px;\"><strong><span style=\"font-family: arial, helvetica, sans-serif;\">Profesora<\/span><\/strong><\/td>\n<td style=\"width: 78.7212%; text-align: center; height: 24px;\"><span style=\"font-family: arial, helvetica, sans-serif;\">Neus Lluesma<\/span><\/td>\n<\/tr>\n<tr style=\"height: 24px;\">\n<td style=\"width: 21.1876%; text-align: center; height: 24px;\"><strong><span style=\"font-family: arial, helvetica, sans-serif;\">Profesora<\/span><\/strong><\/td>\n<td style=\"width: 29.0527%; text-align: center; height: 24px;\"><span style=\"font-family: arial, helvetica, sans-serif;\">Tatiana C\u00f3rdoba<\/span><\/td>\n<td style=\"width: 26.8792%; text-align: center; height: 24px;\"><strong><span style=\"font-family: arial, helvetica, sans-serif;\">Profesora<\/span><\/strong><\/td>\n<td style=\"width: 78.7212%; text-align: center; height: 24px;\"><span style=\"font-family: arial, helvetica, sans-serif;\">Paula Iranzo<\/span><\/td>\n<\/tr>\n<tr>\n<td style=\"width: 21.1876%; text-align: center;\"><strong><span style=\"font-family: arial, helvetica, sans-serif;\">Profesor<\/span><\/strong><\/td>\n<td style=\"width: 29.0527%; text-align: center;\"><span style=\"font-family: arial, helvetica, sans-serif;\">Cristina Molera<\/span><\/td>\n<td style=\"width: 26.8792%; text-align: center; height: 24px;\"><strong><span style=\"font-family: arial, helvetica, sans-serif;\">Orientadora<\/span><\/strong><\/td>\n<td style=\"width: 78.7212%; text-align: center; height: 24px;\"><span style=\"font-family: arial, helvetica, sans-serif;\">Laura Mora<\/span><\/td>\n<\/tr>\n<tr>\n<td style=\"width: 21.1876%; text-align: center;\"><strong><span style=\"font-family: arial, helvetica, sans-serif;\">Profesora<\/span><\/strong><\/td>\n<td style=\"width: 29.0527%; text-align: center;\"><span style=\"font-family: arial, helvetica, sans-serif;\">Mar\u00eda A\u00f1\u00f3n<\/span><\/td>\n<td style=\"width: 26.8792%; text-align: center;\"><\/td>\n<td style=\"width: 78.7212%; text-align: center;\"><\/td>\n<\/tr>\n<\/tbody>\n<\/table>\n<p>&nbsp;<\/p>\n<table style=\"height: 226px; width: 88.4572%; border-collapse: collapse; border-color: #940305; border-style: solid;\" border=\"1\">\n<tbody>\n<tr style=\"height: 56px;\">\n<td style=\"background-color: #f7edee; width: 156.008%; height: 56px;\" colspan=\"4\">\n<p style=\"text-align: center;\"><span style=\"color: #a80c1b;\"><strong>CICLOS FORMATIVOS<\/strong><\/span><\/p>\n<\/td>\n<\/tr>\n<tr style=\"height: 48px;\">\n<td style=\"text-align: center; width: 156.008%; height: 48px;\" colspan=\"4\"><span style=\"font-family: arial, helvetica, sans-serif;\"><strong>Coordinaci\u00f3n<\/strong><\/span><br \/>\n<span style=\"font-family: arial, helvetica, sans-serif;\">Neus Lluesma<\/span><span style=\"font-family: arial, helvetica, sans-serif;\"><strong><br \/>\n<\/strong><\/span><\/td>\n<\/tr>\n<tr style=\"height: 24px;\">\n<td style=\"width: 20.8102%; height: 24px; text-align: center;\"><span style=\"font-family: arial, helvetica, sans-serif;\"><strong>Tutora 1\u00ba Enfermer\u00eda<\/strong><\/span><\/td>\n<td style=\"width: 29.166%; height: 24px; text-align: center;\"><span style=\"font-family: arial, helvetica, sans-serif;\">Patricia Fortea<\/span><\/td>\n<td style=\"width: 26.8827%; text-align: center; height: 24px;\"><strong><span style=\"font-family: arial, helvetica, sans-serif;\">Profesora<\/span><\/strong><\/td>\n<td style=\"width: 79.1488%; text-align: center; height: 24px;\"><span style=\"font-family: arial, helvetica, sans-serif;\">Neus Lluesma<\/span><\/td>\n<\/tr>\n<tr style=\"height: 24px;\">\n<td style=\"width: 20.8102%; height: 24px; text-align: center;\"><span style=\"font-family: arial, helvetica, sans-serif;\"><strong>Tutora 2\u00ba Enfermer\u00eda<\/strong><\/span><\/td>\n<td style=\"width: 29.166%; height: 24px; text-align: center;\"><span style=\"font-family: arial, helvetica, sans-serif;\">Patricia Fortea<\/span><\/td>\n<td style=\"width: 26.8827%; text-align: center; height: 24px;\"><span style=\"font-family: arial, helvetica, sans-serif;\"><strong>Profesora<\/strong><\/span><\/td>\n<td style=\"width: 79.1488%; text-align: center; height: 24px;\"><span style=\"font-family: arial, helvetica, sans-serif;\">Paula Iranzo<\/span><\/td>\n<\/tr>\n<tr style=\"height: 24px;\">\n<td style=\"width: 20.8102%; height: 24px; text-align: center;\"><span style=\"font-family: arial, helvetica, sans-serif;\"><strong>Tutora 1\u00ba Farmacia<\/strong><\/span><\/td>\n<td style=\"width: 29.166%; height: 24px; text-align: center;\"><span style=\"font-family: arial, helvetica, sans-serif;\">Mar Andr\u00e9s<\/span><\/td>\n<td style=\"width: 26.8827%; text-align: center; height: 24px;\"><span style=\"font-family: arial, helvetica, sans-serif;\"><strong>Profesora<\/strong><\/span><\/td>\n<td style=\"width: 79.1488%; text-align: center; height: 24px;\"><span style=\"font-family: arial, helvetica, sans-serif;\">Mar\u00eda S\u00e1nchez<\/span><\/td>\n<\/tr>\n<tr style=\"height: 26px;\">\n<td style=\"width: 20.8102%; text-align: center; height: 26px;\"><span style=\"font-family: arial, helvetica, sans-serif;\"><strong>Tutora 2\u00ba Farmacia<\/strong><\/span><\/td>\n<td style=\"width: 29.166%; text-align: center; height: 26px;\"><span style=\"font-family: arial, helvetica, sans-serif;\">Rosa Ros<\/span><\/td>\n<td style=\"width: 26.8827%; text-align: center; height: 24px;\"><span style=\"font-family: arial, helvetica, sans-serif;\"><strong>Profesor<\/strong><\/span><\/td>\n<td style=\"width: 79.1488%; text-align: center; height: 24px;\"><span style=\"font-family: arial, helvetica, sans-serif;\">Salvador Bad\u00eda<\/span><\/td>\n<\/tr>\n<tr style=\"height: 24px;\">\n<td style=\"width: 20.8102%; height: 24px; text-align: center;\"><\/td>\n<td style=\"width: 29.166%; height: 24px; text-align: center;\"><\/td>\n<td style=\"width: 26.8827%; text-align: center; height: 24px;\"><\/td>\n<td style=\"width: 79.1488%; text-align: center; height: 24px;\"><\/td>\n<\/tr>\n<\/tbody>\n<\/table>\n<p>&nbsp;<\/p>\n<table style=\"height: 109px; width: 88.3335%; border-collapse: collapse; border-color: #940305; border-style: solid;\" border=\"1\">\n<tbody>\n<tr style=\"height: 56px;\">\n<td style=\"background-color: #f7edee; height: 37px; width: 50.4337%;\" colspan=\"4\">\n<p style=\"text-align: center;\"><span style=\"color: #a80c1b;\"><strong>DEPARTAMENTOS<\/strong><\/span><\/p>\n<\/td>\n<\/tr>\n<tr style=\"height: 24px;\">\n<td style=\"width: 20.8102%; height: 24px; text-align: center;\"><span style=\"font-family: arial, helvetica, sans-serif;\"><strong>Dep. Ciencias<\/strong><\/span><\/td>\n<td style=\"width: 29.6235%; height: 24px; text-align: center;\"><span style=\"font-family: arial, helvetica, sans-serif;\">Pepe P\u00e9rez<\/span><\/td>\n<td style=\"width: 27.0729%; text-align: center; height: 24px;\"><span style=\"font-family: arial, helvetica, sans-serif;\"><strong>Dep. Sanitario\u00a0<\/strong><\/span><\/td>\n<td style=\"width: 31.521%; text-align: center; height: 24px;\"><span style=\"font-family: arial, helvetica, sans-serif;\">Neus Lluesma<\/span><\/td>\n<\/tr>\n<tr style=\"height: 24px;\">\n<td style=\"width: 20.8102%; height: 24px; text-align: center;\"><span style=\"font-family: arial, helvetica, sans-serif;\"><strong>Dep. Humanidades<\/strong><\/span><\/td>\n<td style=\"width: 29.6235%; height: 24px; text-align: center;\"><span style=\"font-family: arial, helvetica, sans-serif;\">Tatiana C\u00f3rdoba<\/span><\/td>\n<td style=\"width: 27.0729%; text-align: center; height: 24px;\"><span style=\"font-family: arial, helvetica, sans-serif;\"><strong>Dep. Orientaci\u00f3n\u00a0<\/strong><\/span><\/td>\n<td style=\"width: 31.521%; text-align: center; height: 24px;\"><span style=\"font-family: arial, helvetica, sans-serif;\">Laura Mora<\/span><\/td>\n<\/tr>\n<tr style=\"height: 24px;\">\n<td style=\"width: 20.8102%; height: 24px; text-align: center;\"><span style=\"font-family: arial, helvetica, sans-serif;\"><strong>Dep. Lenguas<\/strong><\/span><\/td>\n<td style=\"width: 29.6235%; height: 24px; text-align: center;\"><span style=\"font-family: arial, helvetica, sans-serif;\">Juan Royo<\/span><\/td>\n<td style=\"width: 27.0729%; text-align: center; height: 24px;\"><\/td>\n<td style=\"width: 31.521%; text-align: center; height: 24px;\"><\/td>\n<\/tr>\n<\/tbody>\n<\/table>\n","protected":false},"excerpt":{"rendered":"<p>&nbsp; EQUIPO DIRECTIVO Titular D. Jos\u00e9 Luis Llopis Director Pedag\u00f3gico Pepe Albiach Jefe de estudios Miguel \u00c1ngel Mart\u00ednez Secretaria Mar\u00eda &hellip; <\/p>\n","protected":false},"author":28,"featured_media":0,"parent":0,"menu_order":0,"comment_status":"closed","ping_status":"closed","template":"","meta":{"_eb_attr":"","footnotes":""},"class_list":["post-3988","page","type-page","status-publish","hentry","latest_post"],"_links":{"self":[{"href":"https:\/\/www.ptosanjose.com\/colegio\/wp-json\/wp\/v2\/pages\/3988","targetHints":{"allow":["GET"]}}],"collection":[{"href":"https:\/\/www.ptosanjose.com\/colegio\/wp-json\/wp\/v2\/pages"}],"about":[{"href":"https:\/\/www.ptosanjose.com\/colegio\/wp-json\/wp\/v2\/types\/page"}],"author":[{"embeddable":true,"href":"https:\/\/www.ptosanjose.com\/colegio\/wp-json\/wp\/v2\/users\/28"}],"replies":[{"embeddable":true,"href":"https:\/\/www.ptosanjose.com\/colegio\/wp-json\/wp\/v2\/comments?post=3988"}],"version-history":[{"count":44,"href":"https:\/\/www.ptosanjose.com\/colegio\/wp-json\/wp\/v2\/pages\/3988\/revisions"}],"predecessor-version":[{"id":5694,"href":"https:\/\/www.ptosanjose.com\/colegio\/wp-json\/wp\/v2\/pages\/3988\/revisions\/5694"}],"wp:attachment":[{"href":"https:\/\/www.ptosanjose.com\/colegio\/wp-json\/wp\/v2\/media?parent=3988"}],"curies":[{"name":"wp","href":"https:\/\/api.w.org\/{rel}","templated":true}]}}