{"id":4166,"date":"2020-11-10T23:54:49","date_gmt":"2020-11-10T22:54:49","guid":{"rendered":"http:\/\/www.ptosanjose.com\/colegio\/?page_id=4166"},"modified":"2021-09-24T12:33:24","modified_gmt":"2021-09-24T11:33:24","slug":"primaria","status":"publish","type":"page","link":"https:\/\/www.ptosanjose.com\/colegio\/primaria\/","title":{"rendered":"Primaria"},"content":{"rendered":"<p><span style=\"font-family: tahoma, arial, helvetica, sans-serif;\">Aprenden, se sienten acompa\u00f1ados y cuidados en un \u00e1mbiente familiar desde los 6 hasta los 11 a\u00f1os<\/span><\/p>\n<p><a href=\"https:\/\/www.ptosanjose.com\/colegio\/wp-content\/uploads\/2021\/04\/Magenta-and-Blue-Sidebar-Vibrant-and-Dynamic-Corporate-Retractable-Exhibition-Banner-2-scaled-e1619377481857.jpg\"><img loading=\"lazy\" decoding=\"async\" class=\"alignnone size-full wp-image-4752\" src=\"https:\/\/www.ptosanjose.com\/colegio\/wp-content\/uploads\/2021\/04\/Magenta-and-Blue-Sidebar-Vibrant-and-Dynamic-Corporate-Retractable-Exhibition-Banner-2-scaled-e1619377481857.jpg\" alt=\"\" width=\"1500\" height=\"450\" \/><\/a><\/p>\n<p><span style=\"color: #000000; font-family: tahoma, arial, helvetica, sans-serif; font-size: 16px;\">La etapa de educaci\u00f3n primaria comprende seis cursos acad\u00e9micos\u00a0\u00a0que se desarrollar\u00e1n ordinariamente entre los seis y los doce a\u00f1os de edad y se organiza en \u00e1reas, que tienen un\u00a0 car\u00e1cter global e integrador.\u00a0 <\/span><\/p>\n<p><span style=\"color: #000000; font-family: tahoma, arial, helvetica, sans-serif; font-size: 16px;\">Nuestro centro cuenta con un grupo por curso, por lo que en la etapa tenemos 6 unidades. Es una etapa de car\u00e1cter obligatorio. <\/span><\/p>\n<p><span style=\"color: #000000; font-family: tahoma, arial, helvetica, sans-serif; font-size: 16px;\">La etapa de primaria\u00a0contribuye a desarrollar en el alumno\u00a0<b><span style=\"color: #00ccff; font-family: impact, sans-serif;\">capacidades<\/span>\u00a0\u00a0<\/b>que les permitan adquirir h\u00e1bitos de trabajo individual y de equipo, de esfuerzo y responsabilidad en el estudio, as\u00ed como actitudes de confianza en s\u00ed mismos, sentido cr\u00edtico, iniciativa personal, curiosidad, inter\u00e9s y creatividad en el aprendizaje.\u00a0\u00a0<\/span><\/p>\n<p><span style=\"color: #000000; font-family: tahoma, arial, helvetica, sans-serif; font-size: 16px;\">La finalidad de de esta etapa es facilitar a los alumnos y alumnas los\u00a0 aprendizajes de la expresi\u00f3n y comprensi\u00f3n oral y escrita, la lectura, la escritura, el c\u00e1lculo, la adquisici\u00f3n\u00a0 de nociones b\u00e1sicas de la cultura y el h\u00e1bito de convivencia, as\u00ed como los h\u00e1bitos de estudio y trabajo, el\u00a0 sentido art\u00edstico y la creatividad, con el fin de\u00a0garantizar una\u00a0<span style=\"color: #99cc00; font-family: 'trebuchet ms', geneva, sans-serif;\"><b>formaci\u00f3n integral que\u00a0 contribuya al pleno desarrollo de la personalidad de los alumnos<\/b>.\u00a0<\/span><\/span><\/p>\n<p><span style=\"color: #000000; font-family: tahoma, arial, helvetica, sans-serif; font-size: 16px;\">En esta etapa iniciamos la metodolog\u00eda de<b>\u00a0<span style=\"color: #ff9900; font-family: 'andale mono', monospace;\">aprendizaje cooperativo<\/span><\/b>\u00a0pues consideramos que ayuda al desarrollo integral de nuestros alumnos desde una\u00a0<b><span style=\"font-family: georgia, palatino, serif; color: #33cccc;\">antropolog\u00eda cristiana<\/span><\/b>,\u00a0fomentando valores como el respeto, la empat\u00eda, la generosidad y la comprensi\u00f3n. A trav\u00e9s del aprendizaje cooperativo\u00a0se construyen conocimientos y se adquieren las\u00a0<b><span style=\"font-family: terminal, monaco, monospace; color: #ff99cc;\">competencias<\/span>\u00a0<\/b>y\u00a0<span style=\"font-family: verdana, geneva, sans-serif; color: #cc99ff;\"><b>habilidades sociales.<\/b><\/span><\/span><\/p>\n<p><span style=\"color: #000000; font-family: tahoma, arial, helvetica, sans-serif; font-size: 16px;\">En el colegio San Jos\u00e9\u00a0 pretendemos\u00a0 lograr una\u00a0formaci\u00f3n integral\u00a0del ni\u00f1o. Una formaci\u00f3n que abarque todos los \u00e1mbitos, que potencie al m\u00e1ximo sus capacidades,\u00a0<span style=\"color: #800080;\"><b>respetando la diversidad y las posibilidades de cada uno<\/b><\/span>\u00a0de ellos dentro de un ambiente responsable y alegre. Todo ello desde una concepci\u00f3n cristiana de la persona, de la vida y del mundo, trabajando las \u00a0dimensiones de la persona (espiritual, social, afectiva, corporal e intelectual).<br \/>\n<\/span><\/p>\n<p><span style=\"color: #000000; font-family: tahoma, arial, helvetica, sans-serif; font-size: 16px;\">Nuestro principal objetivo en los seis a\u00f1os de Primaria es, no s\u00f3lo que nuestros alumnos adquirieran un\u00a0gran n\u00famero de conocimientos\u00a0sino que\u00a0\u00a0sean capaces de aplicarlos\u00a0a las tareas y retos cotidianos, tanto en el entorno escolar como fuera de \u00e9l, desde la perspectiva de las\u00a0<span style=\"color: #ff6600; font-family: 'courier new', courier, monospace;\"><b>competencias\u00a0b\u00e1sicas<\/b><\/span>\u00a0que permitir\u00e1n a nuestros alumnos utilizar sus recursos personales (habilidades, actitudes, conocimientos y experiencias) para actuar de manera\u00a0 activa y responsable en la construcci\u00f3n de su proyecto de vida tanto personal\u00a0 como social.<br \/>\n<\/span><\/p>\n<p><span style=\"color: #000000; font-family: tahoma, arial, helvetica, sans-serif; font-size: 16px;\">En segundo\u00a0 y tercero de primaria se completa la formaci\u00f3n religiosa con la posibilidad de recibir la catequesis que los prepara para la celebraci\u00f3n del Sacramento de la Eucarist\u00eda.<\/span><\/p>\n","protected":false},"excerpt":{"rendered":"<p>Aprenden, se sienten acompa\u00f1ados y cuidados en un \u00e1mbiente familiar desde los 6 hasta los 11 a\u00f1os La etapa de &hellip; <\/p>\n","protected":false},"author":28,"featured_media":4702,"parent":0,"menu_order":0,"comment_status":"closed","ping_status":"closed","template":"","meta":{"_eb_attr":"","footnotes":""},"class_list":["post-4166","page","type-page","status-publish","has-post-thumbnail","hentry","latest_post"],"_links":{"self":[{"href":"https:\/\/www.ptosanjose.com\/colegio\/wp-json\/wp\/v2\/pages\/4166","targetHints":{"allow":["GET"]}}],"collection":[{"href":"https:\/\/www.ptosanjose.com\/colegio\/wp-json\/wp\/v2\/pages"}],"about":[{"href":"https:\/\/www.ptosanjose.com\/colegio\/wp-json\/wp\/v2\/types\/page"}],"author":[{"embeddable":true,"href":"https:\/\/www.ptosanjose.com\/colegio\/wp-json\/wp\/v2\/users\/28"}],"replies":[{"embeddable":true,"href":"https:\/\/www.ptosanjose.com\/colegio\/wp-json\/wp\/v2\/comments?post=4166"}],"version-history":[{"count":9,"href":"https:\/\/www.ptosanjose.com\/colegio\/wp-json\/wp\/v2\/pages\/4166\/revisions"}],"predecessor-version":[{"id":5103,"href":"https:\/\/www.ptosanjose.com\/colegio\/wp-json\/wp\/v2\/pages\/4166\/revisions\/5103"}],"wp:featuredmedia":[{"embeddable":true,"href":"https:\/\/www.ptosanjose.com\/colegio\/wp-json\/wp\/v2\/media\/4702"}],"wp:attachment":[{"href":"https:\/\/www.ptosanjose.com\/colegio\/wp-json\/wp\/v2\/media?parent=4166"}],"curies":[{"name":"wp","href":"https:\/\/api.w.org\/{rel}","templated":true}]}}