{"id":4169,"date":"2020-11-10T23:55:08","date_gmt":"2020-11-10T22:55:08","guid":{"rendered":"http:\/\/www.ptosanjose.com\/colegio\/?page_id=4169"},"modified":"2021-04-28T11:10:27","modified_gmt":"2021-04-28T10:10:27","slug":"secundaria","status":"publish","type":"page","link":"https:\/\/www.ptosanjose.com\/colegio\/secundaria\/","title":{"rendered":"Secundaria"},"content":{"rendered":"<p><span style=\"font-family: tahoma, arial, helvetica, sans-serif;\">Etapa de cambios en la que nuestros alumnos reciben todo el apoyo y ayuda para ser personas \u00e9xitosas.<\/span><\/p>\n<p><a href=\"https:\/\/www.ptosanjose.com\/colegio\/wp-content\/uploads\/2021\/04\/Magenta-and-Blue-Sidebar-Vibrant-and-Dynamic-Corporate-Retractable-Exhibition-Banner-3-1.jpg\"><img loading=\"lazy\" decoding=\"async\" class=\"alignnone wp-image-4763 size-large\" src=\"https:\/\/www.ptosanjose.com\/colegio\/wp-content\/uploads\/2021\/04\/Magenta-and-Blue-Sidebar-Vibrant-and-Dynamic-Corporate-Retractable-Exhibition-Banner-3-1-1024x308.jpg\" alt=\"\" width=\"750\" height=\"226\" srcset=\"https:\/\/www.ptosanjose.com\/colegio\/wp-content\/uploads\/2021\/04\/Magenta-and-Blue-Sidebar-Vibrant-and-Dynamic-Corporate-Retractable-Exhibition-Banner-3-1-1024x308.jpg 1024w, https:\/\/www.ptosanjose.com\/colegio\/wp-content\/uploads\/2021\/04\/Magenta-and-Blue-Sidebar-Vibrant-and-Dynamic-Corporate-Retractable-Exhibition-Banner-3-1-300x90.jpg 300w, https:\/\/www.ptosanjose.com\/colegio\/wp-content\/uploads\/2021\/04\/Magenta-and-Blue-Sidebar-Vibrant-and-Dynamic-Corporate-Retractable-Exhibition-Banner-3-1-768x231.jpg 768w, https:\/\/www.ptosanjose.com\/colegio\/wp-content\/uploads\/2021\/04\/Magenta-and-Blue-Sidebar-Vibrant-and-Dynamic-Corporate-Retractable-Exhibition-Banner-3-1-600x180.jpg 600w, https:\/\/www.ptosanjose.com\/colegio\/wp-content\/uploads\/2021\/04\/Magenta-and-Blue-Sidebar-Vibrant-and-Dynamic-Corporate-Retractable-Exhibition-Banner-3-1.jpg 1152w\" sizes=\"auto, (max-width: 750px) 100vw, 750px\" \/><\/a><\/p>\n<div><span style=\"color: #000000; font-family: tahoma, sans-serif;\">La etapa de ESO comprende cuatro cursos en los que se pretende que el alumno se sienta\u00a0acompa\u00f1ado\u00a0en su despertar hacia la adolescencia.\u00a0El alumno de esta etapa se encuentra en un momento importante de su proceso educativo y de su desarrollo personal.Trabajamos para que tanto acad\u00e9micamente como personalmente, el equipo de profesores est\u00e9 al lado del alumno para acompa\u00f1arlo y para detectar posibles dificultades.\u00a0En la Educaci\u00f3n Secundaria Obligatoria ofrecemos a los alumnos un ambiente de convivencia y de trabajo agradable, valoramos\u00a0el esfuerzo constante y\u00a0 el acompa\u00f1amiento personal en permanente comunicaci\u00f3n con las familias.<\/span><\/div>\n<div><span style=\"color: #000000; font-family: tahoma, sans-serif;\">\u00a0<\/span><\/div>\n<div><span style=\"color: #000000; font-family: tahoma, sans-serif;\">En esta etapa se integra, refuerza y aumenta los conocimientos que los alumnos han adquirido en Primaria. Adem\u00e1s, desarrollan estrategias, habilidades y competencias que les preparan para afrontar las etapas posteriores. Todo ello acompa\u00f1ados por los profesores que promueven que pueda desarrollar al m\u00e1ximo su potencial individual, junto a la Orientadora del centro, que tambi\u00e9n acompa\u00f1a, gu\u00eda y orienta al alumno para conseguir su m\u00e1ximo desarrollo intelectual, social y espiritual.<br \/>\n<\/span><\/div>\n<div><span style=\"color: #000000; font-family: tahoma, sans-serif;\">\u00a0<\/span><\/div>\n<div>\n<p><span style=\"color: #000000; font-family: tahoma, sans-serif;\">El desarrollo de las \u00e1reas y las optativas est\u00e1n elegidas para que el alumno termine la ense\u00f1anza obligatoria con un nivel adecuado para seguir sus estudios, cualesquiera que estos sean, as\u00ed como tener una\u00a0formaci\u00f3n integral y esp\u00edritu cr\u00edtico\u00a0ante\u00a0 la sociedad.En este sentido, el Colegio trabaja para que sean personas responsables, aut\u00f3nomas, con af\u00e1n de superaci\u00f3n e iniciativa.Cada ma\u00f1ana se proporciona a los alumnos un espacio de reflexi\u00f3n para que aprendan a valorar con criterios evang\u00e9licos los acontecimientos las personas y las situaciones que inciden en su vida, a tomar decisiones y a asumir compromisos, y para que participen activamente y con responsabilidad en la vida social.<\/span><\/p>\n<p><span style=\"color: #000000; font-family: tahoma, sans-serif;\">Trabajamos muy de cerca con las familias para que los alumnos adquieran h\u00e1bitos y m\u00e9todos de estudio que les permita completar sus estudios. Y los distintos departamentos (ciencias, humanidades, lenguas..,etc) promueven actividades que complementan su formaci\u00f3n.<\/span><\/p>\n<\/div>\n<p>&nbsp;<\/p>\n","protected":false},"excerpt":{"rendered":"<p>Etapa de cambios en la que nuestros alumnos reciben todo el apoyo y ayuda para ser personas \u00e9xitosas. La etapa &hellip; <\/p>\n","protected":false},"author":28,"featured_media":4704,"parent":0,"menu_order":0,"comment_status":"closed","ping_status":"closed","template":"","meta":{"_eb_attr":"","footnotes":""},"class_list":["post-4169","page","type-page","status-publish","has-post-thumbnail","hentry","latest_post"],"_links":{"self":[{"href":"https:\/\/www.ptosanjose.com\/colegio\/wp-json\/wp\/v2\/pages\/4169","targetHints":{"allow":["GET"]}}],"collection":[{"href":"https:\/\/www.ptosanjose.com\/colegio\/wp-json\/wp\/v2\/pages"}],"about":[{"href":"https:\/\/www.ptosanjose.com\/colegio\/wp-json\/wp\/v2\/types\/page"}],"author":[{"embeddable":true,"href":"https:\/\/www.ptosanjose.com\/colegio\/wp-json\/wp\/v2\/users\/28"}],"replies":[{"embeddable":true,"href":"https:\/\/www.ptosanjose.com\/colegio\/wp-json\/wp\/v2\/comments?post=4169"}],"version-history":[{"count":6,"href":"https:\/\/www.ptosanjose.com\/colegio\/wp-json\/wp\/v2\/pages\/4169\/revisions"}],"predecessor-version":[{"id":4798,"href":"https:\/\/www.ptosanjose.com\/colegio\/wp-json\/wp\/v2\/pages\/4169\/revisions\/4798"}],"wp:featuredmedia":[{"embeddable":true,"href":"https:\/\/www.ptosanjose.com\/colegio\/wp-json\/wp\/v2\/media\/4704"}],"wp:attachment":[{"href":"https:\/\/www.ptosanjose.com\/colegio\/wp-json\/wp\/v2\/media?parent=4169"}],"curies":[{"name":"wp","href":"https:\/\/api.w.org\/{rel}","templated":true}]}}