{"id":4642,"date":"2021-04-24T11:35:50","date_gmt":"2021-04-24T10:35:50","guid":{"rendered":"http:\/\/www.ptosanjose.com\/colegio\/?page_id=4642"},"modified":"2021-04-24T11:46:38","modified_gmt":"2021-04-24T10:46:38","slug":"g-medio-en-farmacia-y-parafarmacia","status":"publish","type":"page","link":"https:\/\/www.ptosanjose.com\/colegio\/g-medio-en-farmacia-y-parafarmacia\/","title":{"rendered":"G. Medio en Farmacia y Parafarmacia"},"content":{"rendered":"<p>El CFGM en Farmacia y Parafarmacia es uno de los tres ciclos de grado medio de la familia de<br \/>\nSanidad. Es un ciclo de 2000 horas y dos cursos acad\u00e9micos sujeto a la actual Ley Org\u00e1nica<br \/>\n2\/2006, de 3 de mayo, de Educaci\u00f3n (LOE) que cualifica a los estudiantes para ser<br \/>\nprofesionales capaces de:<\/p>\n<ul>\n<li>Asistir en la dispensaci\u00f3n de productos farmac\u00e9uticos informando de sus caracter\u00edsticas a los usuarios.<\/li>\n<li>Asistir en la elaboraci\u00f3n de productos farmac\u00e9uticos y parafarmac\u00e9uticos.<\/li>\n<li>Preparar los productos farmac\u00e9uticos para su distribuci\u00f3n a las distintas unidades hospitalarias, bajo supervisi\u00f3n del facultativo.<\/li>\n<li>Obtener valores de par\u00e1metros somatom\u00e9tricos de constantes vitales del usuario.<\/li>\n<li>Efectuar controles anal\u00edticos.<\/li>\n<li>Mantener el material, el instrumental, los equipos y la zona de trabajo en \u00f3ptimas condiciones para su utilizaci\u00f3n.<\/li>\n<li>Fomentar en los usuarios h\u00e1bitos de vida saludables para mantener o mejorar su salud y evitar la enfermedad.<\/li>\n<li>Tramitar la facturaci\u00f3n de recetas manejando aplicaciones inform\u00e1ticas.<\/li>\n<\/ul>\n<p>&nbsp;<\/p>\n<p><strong><span style=\"color: #b80202;\">Asignaturas:<\/span><\/strong><\/p>\n<p>Primer curso<\/p>\n<ul>\n<li>Disposici\u00f3n y venta de productos (3 h\/semana)<\/li>\n<li>Dispensaci\u00f3n de productos farmac\u00e9uticos (7 h\/semana)<\/li>\n<li>Operaciones b\u00e1sicas de laboratorio (8 h\/semana)<\/li>\n<li>Promoci\u00f3n de la salud (3 h\/semana)<\/li>\n<li>Anatomofisiolog\u00eda y patolog\u00eda b\u00e1sicas (3 h\/semana)<\/li>\n<li>Formaci\u00f3n y orientaci\u00f3n laboral (3 h\/semana)<\/li>\n<li>Ingl\u00e9s t\u00e9cnico (2 h\/semana)<\/li>\n<\/ul>\n<p>Segundo curso:<\/p>\n<ul>\n<li>Oficina de farmacia (7 h\/semana)<\/li>\n<li>Dispensaci\u00f3n de productos parafarmac\u00e9uticos (8 h\/semana)<\/li>\n<li>Formulaci\u00f3n magistral (7 h\/semana)<\/li>\n<li>Primeros auxilios (3 h\/semana)<\/li>\n<li>Empresa e iniciativa emprendedora (3 h\/semana)<\/li>\n<li>Ingl\u00e9s t\u00e9cnico (2 h\/semana)<\/li>\n<li>Formaci\u00f3n en centros de trabajo (380 horas totales)<\/li>\n<\/ul>\n<p>&nbsp;<\/p>\n<p><strong><span style=\"color: #b80202;\">Salidas profesionales:<\/span><\/strong><\/p>\n<p>Este profesional desarrolla su actividad en establecimientos de venta de productos<br \/>\nfarmac\u00e9uticos, parafarmac\u00e9uticos y en general productos relacionados con la salud humana o<br \/>\nanimal, as\u00ed como con la cosm\u00e9tica, fitoterapia y otros; en peque\u00f1os laboratorios de<br \/>\nelaboraci\u00f3n de productos farmac\u00e9uticos y afines, industrias farmac\u00e9utica y cosm\u00e9ticas as\u00ed<br \/>\ncomo en el servicio de farmacia hospitalaria.<\/p>\n<p>&nbsp;<\/p>\n<p><strong><span style=\"color: #b80202;\">Continuidad de estudios<\/span><\/strong><\/p>\n<p>Al finalizar los estudios, tendr\u00e1s la posibilidad de ejercer la actividad profesional en el sector<br \/>\nfarmac\u00e9utico en empresas privadas o p\u00fablicas del sector o continuar los estudios (tanto en<br \/>\nnuestro centro como en otros):<\/p>\n<ul>\n<li>Cursos de especializaci\u00f3n profesional<\/li>\n<li>Otro ciclo de Formaci\u00f3n Profesional con la posibilidad de establecer convalidaciones de m\u00f3dulos profesionales de acuerdo a la normativa vigente (como nuestro Ciclo Formativo de Grado Medio en Cuidados Auxiliares de Enfermer\u00eda).<\/li>\n<li>El Bachillerato en cualquiera de sus modalidades<\/li>\n<\/ul>\n<p>&nbsp;<\/p>\n<p><strong><span style=\"color: #b80202;\">FP Dual<\/span><\/strong><\/p>\n<p><strong><br \/>\n<\/strong>Adem\u00e1s, durante el segundo ciclo del grado en Farmacia y Parafarmacia te ofrecemos la posibilidad de prepararte para el mundo laboral con la FP Dual, una nueva modalidad dentro de las ense\u00f1anzas profesionales donde se combina la formaci\u00f3n te\u00f3rica del centro educativo con la formaci\u00f3n pr\u00e1ctica que ofrecen las empresas.<\/p>\n<p>Con esta modalidad los alumnos acuden al centro tres d\u00edas a la semana, mientras que los otros dos se forman en una empresa elegida bien por el centro bien por ellos mismos donde ponen en pr\u00e1ctica todo lo aprendido, conocen las necesidades del sector productivo al que se van a dedicar y adquieren conocimientos y habilidades necesarias para la pr\u00e1ctica laboral al mismo tiempo que establecen relaciones con las distintas empresas facilitando e incrementando as\u00ed sus posibilidades de una incorporaci\u00f3n o contrataci\u00f3n posterior.<\/p>\n<p>Adem\u00e1s, la empresa escogida para la FP Dual puede ser, o no, la misma en la que se realice la Formaci\u00f3n en Centros de Trabajo.<\/p>\n<p>&nbsp;<\/p>\n<p><strong><span style=\"color: #b80202;\">M\u00e1s informaci\u00f3n\u00a0<\/span><\/strong><\/p>\n<ul>\n<li><a href=\"https:\/\/www.todofp.es\/inicio.html\">BOE<\/a><\/li>\n<li>Nuestro <a href=\"https:\/\/padlet.com\/comunicaciones28\/qj4l09kr52pal0r5\">padlet<\/a><\/li>\n<\/ul>\n","protected":false},"excerpt":{"rendered":"<p>El CFGM en Farmacia y Parafarmacia es uno de los tres ciclos de grado medio de la familia de Sanidad. &hellip; <\/p>\n","protected":false},"author":28,"featured_media":0,"parent":0,"menu_order":0,"comment_status":"closed","ping_status":"closed","template":"","meta":{"_eb_attr":"","footnotes":""},"class_list":["post-4642","page","type-page","status-publish","hentry","latest_post"],"_links":{"self":[{"href":"https:\/\/www.ptosanjose.com\/colegio\/wp-json\/wp\/v2\/pages\/4642","targetHints":{"allow":["GET"]}}],"collection":[{"href":"https:\/\/www.ptosanjose.com\/colegio\/wp-json\/wp\/v2\/pages"}],"about":[{"href":"https:\/\/www.ptosanjose.com\/colegio\/wp-json\/wp\/v2\/types\/page"}],"author":[{"embeddable":true,"href":"https:\/\/www.ptosanjose.com\/colegio\/wp-json\/wp\/v2\/users\/28"}],"replies":[{"embeddable":true,"href":"https:\/\/www.ptosanjose.com\/colegio\/wp-json\/wp\/v2\/comments?post=4642"}],"version-history":[{"count":3,"href":"https:\/\/www.ptosanjose.com\/colegio\/wp-json\/wp\/v2\/pages\/4642\/revisions"}],"predecessor-version":[{"id":4649,"href":"https:\/\/www.ptosanjose.com\/colegio\/wp-json\/wp\/v2\/pages\/4642\/revisions\/4649"}],"wp:attachment":[{"href":"https:\/\/www.ptosanjose.com\/colegio\/wp-json\/wp\/v2\/media?parent=4642"}],"curies":[{"name":"wp","href":"https:\/\/api.w.org\/{rel}","templated":true}]}}