{"id":4650,"date":"2021-04-24T11:49:10","date_gmt":"2021-04-24T10:49:10","guid":{"rendered":"http:\/\/www.ptosanjose.com\/colegio\/?page_id=4650"},"modified":"2021-04-24T11:49:10","modified_gmt":"2021-04-24T10:49:10","slug":"requisitos-de-acceso-a-los-ciclos","status":"publish","type":"page","link":"https:\/\/www.ptosanjose.com\/colegio\/requisitos-de-acceso-a-los-ciclos\/","title":{"rendered":"Requisitos de acceso a los ciclos"},"content":{"rendered":"<p>Para poder matricularte en uno de nuestros dos ciclos, es necesario estar en posesi\u00f3n en uno de los siguientes t\u00edtulos:<\/p>\n<ul>\n<li>Estar en posesi\u00f3n del t\u00edtulo de Graduado en Educaci\u00f3n Secundaria Obligatoria o de un nivel acad\u00e9mico superior.<\/li>\n<li>Estar en posesi\u00f3n de un T\u00edtulo Profesional B\u00e1sico (Formaci\u00f3n Profesional B\u00e1sica).<\/li>\n<li>Estar en posesi\u00f3n de un t\u00edtulo de T\u00e9cnico o de T\u00e9cnico Auxiliar o equivalente a efectos acad\u00e9micos.<\/li>\n<li>Haber superado el segundo curso del Bachillerato Unificado y Polivalente (BUP).<\/li>\n<li>Haber superado la prueba de acceso a la Universidad para mayores de 25 a\u00f1os.<\/li>\n<\/ul>\n<p>En caso de no poder aportar ninguno de los documentos anteriores, se realizar\u00e1 una prueba de acceso para la que se requerir\u00e1 \u00a0tener, al menos, diecisiete a\u00f1os, cumplidos en el a\u00f1o de realizaci\u00f3n de la prueba.<\/p>\n<p>Para m\u00e1s informaci\u00f3n, consultar: <a href=\"http:\/\/ceice.gva.es\/es\/web\/formacion-\">http:\/\/ceice.gva.es\/es\/web\/formacion-<\/a><br \/>\nprofesional\/pruebas-de-acceso-a-ciclos-formativos y\/o <a href=\"https:\/\/www.todofp.es\/pruebas-\">https:\/\/www.todofp.es\/pruebas-<\/a><br \/>\nconvalidaciones\/pruebas\/ciclos-grado-medio.html.<\/p>\n","protected":false},"excerpt":{"rendered":"<p>Para poder matricularte en uno de nuestros dos ciclos, es necesario estar en posesi\u00f3n en uno de los siguientes t\u00edtulos: &hellip; <\/p>\n","protected":false},"author":28,"featured_media":0,"parent":0,"menu_order":0,"comment_status":"closed","ping_status":"closed","template":"","meta":{"_eb_attr":"","footnotes":""},"class_list":["post-4650","page","type-page","status-publish","hentry","latest_post"],"_links":{"self":[{"href":"https:\/\/www.ptosanjose.com\/colegio\/wp-json\/wp\/v2\/pages\/4650","targetHints":{"allow":["GET"]}}],"collection":[{"href":"https:\/\/www.ptosanjose.com\/colegio\/wp-json\/wp\/v2\/pages"}],"about":[{"href":"https:\/\/www.ptosanjose.com\/colegio\/wp-json\/wp\/v2\/types\/page"}],"author":[{"embeddable":true,"href":"https:\/\/www.ptosanjose.com\/colegio\/wp-json\/wp\/v2\/users\/28"}],"replies":[{"embeddable":true,"href":"https:\/\/www.ptosanjose.com\/colegio\/wp-json\/wp\/v2\/comments?post=4650"}],"version-history":[{"count":1,"href":"https:\/\/www.ptosanjose.com\/colegio\/wp-json\/wp\/v2\/pages\/4650\/revisions"}],"predecessor-version":[{"id":4652,"href":"https:\/\/www.ptosanjose.com\/colegio\/wp-json\/wp\/v2\/pages\/4650\/revisions\/4652"}],"wp:attachment":[{"href":"https:\/\/www.ptosanjose.com\/colegio\/wp-json\/wp\/v2\/media?parent=4650"}],"curies":[{"name":"wp","href":"https:\/\/api.w.org\/{rel}","templated":true}]}}