{"id":4654,"date":"2021-04-24T11:51:44","date_gmt":"2021-04-24T10:51:44","guid":{"rendered":"http:\/\/www.ptosanjose.com\/colegio\/?page_id=4654"},"modified":"2025-07-23T09:58:15","modified_gmt":"2025-07-23T08:58:15","slug":"preinscripcion-y-matricula","status":"publish","type":"page","link":"https:\/\/www.ptosanjose.com\/colegio\/preinscripcion-y-matricula\/","title":{"rendered":"Preinscripci\u00f3n y matr\u00edcula curso 2025\/26"},"content":{"rendered":"<ol>\n<li>El pr\u00f3ximo 23 de mayo y hasta el 2 de junio permanecer\u00e1 abierto el plazo para solicitar plaza en los Ciclos Formativos de Grado Medio para el pr\u00f3ximo curso 2025\/2026. Dicho proceso se llevar\u00e1 a cabo de forma exclusivamente telem\u00e1tica a trav\u00e9s del portal que la Conselleria ha dispuesto para ello:: <a href=\"https:\/\/itaca3.edu.gva.es\/jwt\/#\/home\" target=\"_blank\" rel=\"noopener\">enlace<\/a>.<\/li>\n<\/ol>\n<div>Una vez realizada la solicitud, se deber\u00e1n tener en cuenta las siguientes fechas:<\/div>\n<div>\n<ul>\n<li>Presentaci\u00f3n del requisito acad\u00e9mico: Para aquellos a los que el centro se lo solicite, deber\u00e1n presentar f\u00edsicamente en el mismo una fotocopia del requisito acad\u00e9mico en el que aparezca la nota media con la que acceden al ciclo hasta <span style=\"color: #ff0000;\"><strong>el 1 de julio.<\/strong><\/span><\/li>\n<\/ul>\n<p>&nbsp;<\/p>\n<ul>\n<li><b>Listas provisionales:<\/b><span style=\"color: #ff0000;\"> 8 de julio <a href=\"https:\/\/drive.google.com\/file\/d\/1_q4N7vec6eobUHLLQdqwIvhCxvb0AmKU\/view?usp=sharing\"><strong><span style=\"color: #3366ff;\">Enlace listas PROVISIONALES Ciclos Formativos (Enfermer\u00eda-Farmacia).<\/span><\/strong><\/a><\/span><\/li>\n<li><b>Reclamaciones:<\/b>\u00a0<span style=\"color: #cc0000;\"><span style=\"color: #ff0000;\">Del 8 al 10 de julio<\/span><\/span><\/li>\n<li><b>Listas definitivas:\u00a0<\/b><span style=\"color: #ff0000;\">23 de julio\u00a0<\/span><\/li>\n<li><i><span class=\"gmail_default\">MATR\u00cdCULA: Los alumnos deben respetar el d\u00eda y la hora asignada a la matr\u00edcula.<\/span><br \/>\n<\/i><\/li>\n<\/ul>\n<ol>\n<li><a href=\"https:\/\/drive.google.com\/file\/d\/1-_Xmm0lybYFNQEFY2SmpbpcODA7Kboev\/view?usp=drive_link\">Primero y segundo Enfermer\u00eda: Horarios matriculaci\u00f3n curso 25\/26.<\/a> <span style=\"color: #ff0000;\"><strong>(23 DE JULIO)<\/strong><\/span><\/li>\n<li><a href=\"https:\/\/drive.google.com\/file\/d\/1QAElnk56IUlgUlxU9ETkre-OLNvYD6fI\/view?usp=sharing\">Primero y segundo Farmacia y Parafarmacia: Horarios matriculaci\u00f3n curso 25\/26.<\/a><span style=\"color: #ff0000;\"><strong>(23 DE JULIO)<\/strong><\/span><\/li>\n<\/ol>\n<div style=\"text-align: center;\"><span style=\"text-decoration: underline; color: #ff0000;\"><strong><span style=\"font-size: 21px;\">Aunque se haga la telematr\u00edcula, es necesario acudir al centro para completar la matr\u00edcula en el d\u00eda y la hora asignada<\/span><\/strong><\/span><\/div>\n<\/div>\n<div><\/div>\n<div>\n<div><\/div>\n<div><span style=\"color: #000000;\">Para aquellos que hayan sido admitidos en las listas del 23 de julio en nuestro centro se proporcionar\u00e1, en esta misma p\u00e1gina web, una <span style=\"font-size: large;\"><b>cita previa <\/b><\/span>en la que deber\u00e1n presentarse f\u00edsicamente en la secretar\u00eda del colegio para formalizar la matr\u00edcula con la siguiente documentaci\u00f3n:\u00a0<\/span><\/div>\n<div>\n<ol>\n<li><span style=\"color: #000000;\"><b>Hoja de matr\u00edcula (se rellenar\u00e1 en el centro)<\/b><\/span><\/li>\n<li><a href=\"https:\/\/drive.google.com\/file\/d\/1w-uPXlxqvwPrbIGEGwpFW_njjNe0R308\/view?usp=share_link\"><b>Formulario domiciliaci\u00f3n bancaria cumplimentado<\/b><\/a><\/li>\n<li><b>Fotocopia del DNI o NIE por ambas caras<\/b><\/li>\n<li><b>Fotocopia del SIP por ambas caras\u00a0<\/b><\/li>\n<li><b>Tarjeta bancaria para realizar el pago de seguro escolar, plataforma educativa y pijama o bata sanitario y la reserva de libros.<\/b><\/li>\n<li><b>Requisito acad\u00e9mico en el que aparezca la nota media:\u00a0<\/b><\/li>\n<\/ol>\n<ul>\n<li style=\"list-style-type: none;\">\n<ul>\n<li><b>Prueba de acceso:\u00a0<\/b>T\u00edtulo original y fotocopia<\/li>\n<li><b>ESO y Bachillerato:\u00a0<\/b>Certificado de notas original<\/li>\n<li><b>FP1, Ciclo Formativo de Grado Medio o Superior, Grado, Licenciatura, Diplomatura&#8230;:<\/b>\u00a0Certificado de notas original o T\u00edtulo en el que aparezca la nota media original y fotocopia<\/li>\n<li><b>FP B\u00e1sica:<\/b>\u00a0T\u00edtulo original y fotocopia<\/li>\n<li><b>Homologaci\u00f3n de estudios extranjeros:<\/b>\u00a0Documento original y fotocopia<\/li>\n<\/ul>\n<\/li>\n<\/ul>\n<div>Si tienes cualquier duda, estaremos encantados de atenderte: 96 130 97 37 \u00b7 645 790 158<\/div>\n<\/div>\n<\/div>\n<p>&nbsp;<\/p>\n","protected":false},"excerpt":{"rendered":"<p>El pr\u00f3ximo 23 de mayo y hasta el 2 de junio permanecer\u00e1 abierto el plazo para solicitar plaza en los &hellip; <\/p>\n","protected":false},"author":28,"featured_media":0,"parent":0,"menu_order":0,"comment_status":"closed","ping_status":"closed","template":"","meta":{"_eb_attr":"","footnotes":""},"class_list":["post-4654","page","type-page","status-publish","hentry","latest_post"],"_links":{"self":[{"href":"https:\/\/www.ptosanjose.com\/colegio\/wp-json\/wp\/v2\/pages\/4654","targetHints":{"allow":["GET"]}}],"collection":[{"href":"https:\/\/www.ptosanjose.com\/colegio\/wp-json\/wp\/v2\/pages"}],"about":[{"href":"https:\/\/www.ptosanjose.com\/colegio\/wp-json\/wp\/v2\/types\/page"}],"author":[{"embeddable":true,"href":"https:\/\/www.ptosanjose.com\/colegio\/wp-json\/wp\/v2\/users\/28"}],"replies":[{"embeddable":true,"href":"https:\/\/www.ptosanjose.com\/colegio\/wp-json\/wp\/v2\/comments?post=4654"}],"version-history":[{"count":40,"href":"https:\/\/www.ptosanjose.com\/colegio\/wp-json\/wp\/v2\/pages\/4654\/revisions"}],"predecessor-version":[{"id":5674,"href":"https:\/\/www.ptosanjose.com\/colegio\/wp-json\/wp\/v2\/pages\/4654\/revisions\/5674"}],"wp:attachment":[{"href":"https:\/\/www.ptosanjose.com\/colegio\/wp-json\/wp\/v2\/media?parent=4654"}],"curies":[{"name":"wp","href":"https:\/\/api.w.org\/{rel}","templated":true}]}}