{"id":4772,"date":"2021-04-26T14:18:02","date_gmt":"2021-04-26T13:18:02","guid":{"rendered":"http:\/\/www.ptosanjose.com\/colegio\/?page_id=4772"},"modified":"2025-11-04T16:08:20","modified_gmt":"2025-11-04T15:08:20","slug":"1er-ciclo-de-infantil","status":"publish","type":"page","link":"https:\/\/www.ptosanjose.com\/colegio\/1er-ciclo-de-infantil\/","title":{"rendered":"1er Ciclo de Infantil"},"content":{"rendered":"<p><a href=\"https:\/\/www.ptosanjose.com\/colegio\/wp-content\/uploads\/2025\/11\/Captura-de-pantalla-2025-11-04-a-las-15.55.40.png\"><img loading=\"lazy\" decoding=\"async\" class=\"wp-image-5731 size-medium aligncenter\" src=\"https:\/\/www.ptosanjose.com\/colegio\/wp-content\/uploads\/2025\/11\/Captura-de-pantalla-2025-11-04-a-las-15.55.40-300x266.png\" alt=\"\" width=\"300\" height=\"266\" srcset=\"https:\/\/www.ptosanjose.com\/colegio\/wp-content\/uploads\/2025\/11\/Captura-de-pantalla-2025-11-04-a-las-15.55.40-300x266.png 300w, https:\/\/www.ptosanjose.com\/colegio\/wp-content\/uploads\/2025\/11\/Captura-de-pantalla-2025-11-04-a-las-15.55.40.png 368w\" sizes=\"auto, (max-width: 300px) 100vw, 300px\" \/><\/a><\/p>\n<p>En nuestro centro los ni\u00f1os pueden iniciar su escolaridad desde el primer ciclo de Educaci\u00f3n Infantil (1 a 3 a\u00f1os) y continuar con nosotros hasta finalizar la Educaci\u00f3n Secundaria.<\/p>\n<p>La etapa de Infantil est\u00e1 organizada en dos ciclos:<\/p>\n<p>1.\u00ba ciclo (1-3 a\u00f1os)<\/p>\n<p>2.\u00ba ciclo (3-6 a\u00f1os)<\/p>\n<p>Dentro del primer ciclo de Infantil, nuestro centro dispone actualmente de:<\/p>\n<p>Aula de 1 a\u00f1o<\/p>\n<p>Aula de 2 a\u00f1os<\/p>\n<p>De esta manera, los m\u00e1s peque\u00f1os pueden comenzar su escolaridad desde el primer a\u00f1o de vida en un entorno seguro, afectivo y adaptado a sus necesidades.<\/p>\n<p>Adem\u00e1s, la escolarizaci\u00f3n est\u00e1 subvencionada por la Generalitat Valenciana (GVA) a trav\u00e9s del bono infantil, lo que facilita a las familias el acceso a una educaci\u00f3n de calidad desde las primeras etapas.<\/p>\n<p>Los primeros a\u00f1os de vida son fundamentales para el desarrollo f\u00edsico, social, emocional y cognitivo. En esta etapa tan importante se aprenden los primeros h\u00e1bitos de socializaci\u00f3n, de expresi\u00f3n, de experimentaci\u00f3n y tambi\u00e9n las rutinas y destrezas b\u00e1sicas para consolidar futuros aprendizajes.<\/p>\n<p>En Infantil trabajamos todas las \u00e1reas del desarrollo de una manera l\u00fadica, divertida, motivadora y cercana, teniendo en cuenta las caracter\u00edsticas personales de cada ni\u00f1o\/a y respetando sus diferencias, contando siempre con la participaci\u00f3n e implicaci\u00f3n de las familias.<\/p>\n<p><a href=\"https:\/\/www.ptosanjose.com\/colegio\/visita-nuestro-centro\/\"><img loading=\"lazy\" decoding=\"async\" class=\"aligncenter wp-image-4785 size-medium\" src=\"https:\/\/www.ptosanjose.com\/colegio\/wp-content\/uploads\/2021\/04\/Logotipo-de-Deportes-Turquesa-con-Boto\u0301n-de-Reproduccio\u0301n-300x78.png\" alt=\"\" width=\"300\" height=\"78\" srcset=\"https:\/\/www.ptosanjose.com\/colegio\/wp-content\/uploads\/2021\/04\/Logotipo-de-Deportes-Turquesa-con-Boto\u0301n-de-Reproduccio\u0301n-300x78.png 300w, https:\/\/www.ptosanjose.com\/colegio\/wp-content\/uploads\/2021\/04\/Logotipo-de-Deportes-Turquesa-con-Boto\u0301n-de-Reproduccio\u0301n-1024x265.png 1024w, https:\/\/www.ptosanjose.com\/colegio\/wp-content\/uploads\/2021\/04\/Logotipo-de-Deportes-Turquesa-con-Boto\u0301n-de-Reproduccio\u0301n-768x199.png 768w, https:\/\/www.ptosanjose.com\/colegio\/wp-content\/uploads\/2021\/04\/Logotipo-de-Deportes-Turquesa-con-Boto\u0301n-de-Reproduccio\u0301n-1140x298.png 1140w, https:\/\/www.ptosanjose.com\/colegio\/wp-content\/uploads\/2021\/04\/Logotipo-de-Deportes-Turquesa-con-Boto\u0301n-de-Reproduccio\u0301n-600x155.png 600w, https:\/\/www.ptosanjose.com\/colegio\/wp-content\/uploads\/2021\/04\/Logotipo-de-Deportes-Turquesa-con-Boto\u0301n-de-Reproduccio\u0301n.png 1151w\" sizes=\"auto, (max-width: 300px) 100vw, 300px\" \/><\/a><\/p>\n","protected":false},"excerpt":{"rendered":"<p>En nuestro centro los ni\u00f1os pueden iniciar su escolaridad desde el primer ciclo de Educaci\u00f3n Infantil (1 a 3 a\u00f1os) &hellip; <\/p>\n","protected":false},"author":28,"featured_media":0,"parent":0,"menu_order":0,"comment_status":"closed","ping_status":"closed","template":"","meta":{"_eb_attr":"","footnotes":""},"class_list":["post-4772","page","type-page","status-publish","hentry","latest_post"],"_links":{"self":[{"href":"https:\/\/www.ptosanjose.com\/colegio\/wp-json\/wp\/v2\/pages\/4772","targetHints":{"allow":["GET"]}}],"collection":[{"href":"https:\/\/www.ptosanjose.com\/colegio\/wp-json\/wp\/v2\/pages"}],"about":[{"href":"https:\/\/www.ptosanjose.com\/colegio\/wp-json\/wp\/v2\/types\/page"}],"author":[{"embeddable":true,"href":"https:\/\/www.ptosanjose.com\/colegio\/wp-json\/wp\/v2\/users\/28"}],"replies":[{"embeddable":true,"href":"https:\/\/www.ptosanjose.com\/colegio\/wp-json\/wp\/v2\/comments?post=4772"}],"version-history":[{"count":6,"href":"https:\/\/www.ptosanjose.com\/colegio\/wp-json\/wp\/v2\/pages\/4772\/revisions"}],"predecessor-version":[{"id":5732,"href":"https:\/\/www.ptosanjose.com\/colegio\/wp-json\/wp\/v2\/pages\/4772\/revisions\/5732"}],"wp:attachment":[{"href":"https:\/\/www.ptosanjose.com\/colegio\/wp-json\/wp\/v2\/media?parent=4772"}],"curies":[{"name":"wp","href":"https:\/\/api.w.org\/{rel}","templated":true}]}}