{"id":4775,"date":"2021-04-26T14:18:23","date_gmt":"2021-04-26T13:18:23","guid":{"rendered":"http:\/\/www.ptosanjose.com\/colegio\/?page_id=4775"},"modified":"2021-04-28T10:56:48","modified_gmt":"2021-04-28T09:56:48","slug":"2o-ciclo-de-infantil","status":"publish","type":"page","link":"https:\/\/www.ptosanjose.com\/colegio\/2o-ciclo-de-infantil\/","title":{"rendered":"2\u00ba Ciclo de Infantil"},"content":{"rendered":"<p><a href=\"https:\/\/www.ptosanjose.com\/colegio\/wp-content\/uploads\/2021\/04\/Tienda-de-Etsy-Icono-Libreri\u0301a-1.png\"><img loading=\"lazy\" decoding=\"async\" class=\"aligncenter wp-image-4779\" src=\"https:\/\/www.ptosanjose.com\/colegio\/wp-content\/uploads\/2021\/04\/Tienda-de-Etsy-Icono-Libreri\u0301a-1.png\" alt=\"\" width=\"170\" height=\"170\" \/><\/a><\/p>\n<p><span style=\"font-family: tahoma, arial, helvetica, sans-serif;\">En nuestro centro los ni\u00f1os pueden iniciar su escolaridad desde el primer ciclo de infantil (de 1 a 3 a\u00f1os) y continuar en el colegio hasta finalizar la educaci\u00f3n secundaria. <\/span><span style=\"font-family: tahoma, arial, helvetica, sans-serif;\">La etapa de Infantil est\u00e1 organizada en dos ciclos: 1\u00ba ciclo (1-3 a\u00f1os) y 2\u00ba ciclo (3-6 a\u00f1os). <\/span><span style=\"font-family: tahoma, arial, helvetica, sans-serif;\">En el primer ciclo ofertamos un nivel, un aula de dos a\u00f1os y en el segundo ciclo tres niveles, cada uno de los cuales tiene una clase. <\/span><\/p>\n<p><span style=\"font-family: tahoma, arial, helvetica, sans-serif;\">El equipo de profesores est\u00e1 compuesto por tres profesores\/as tutores\/as y un profesor\/a de apoyo, todos ellos especialistas en Educaci\u00f3n Infantil. <\/span><span style=\"font-family: tahoma, arial, helvetica, sans-serif;\">Trabajamos en equipo dentro de una misma l\u00ednea de actuaci\u00f3n y coordinando nuestros proyectos pedag\u00f3gicos. <\/span><\/p>\n<p><span style=\"font-family: tahoma, arial, helvetica, sans-serif;\">Nuestra misi\u00f3n es <span style=\"font-family: impact, sans-serif; color: #3366ff;\">guiar<\/span>, <span style=\"color: #99cc00; font-family: helvetica, arial, sans-serif;\"><strong>orientar<\/strong><\/span> y <span style=\"color: #ff99cc;\"><strong><span style=\"font-family: verdana, geneva, sans-serif;\">acompa\u00f1ar<\/span><\/strong><\/span> al ni\u00f1o en su proceso madurativo, ofreciendo a los ni\u00f1os\/as <span style=\"color: #008080;\"><strong>destrezas, habilidades, h\u00e1bitos, actitudes y aptitudes<\/strong><\/span> que les ayuden a desarrollar competencias que les faciliten su posterior adaptaci\u00f3n a la Educaci\u00f3n Primaria. Procuramos que nuestro proyecto educativo sea un proyecto integral donde se desarrollen arm\u00f3nicamente todas las dimensiones de la persona. <\/span><\/p>\n<p><span style=\"font-family: tahoma, arial, helvetica, sans-serif;\">Nuestro planteamiento educativo nos exige coherencia en todas las actuaciones que giran en torno a la formaci\u00f3n y desarrollo de los ni\u00f1os. Por ello, continuando con la l\u00ednea pedag\u00f3gica del primer ciclo de Infantil, todas las \u00e1reas que se trabajan a lo largo de los tres cursos est\u00e1n relacionadas entre ellas. <\/span><\/p>\n<p><span style=\"font-family: tahoma, arial, helvetica, sans-serif;\">El trabajo por proyectos nos ayuda a considerar al <span style=\"font-family: impact, sans-serif; color: #ff6600;\">alumno como principal protagonista del aprendizaje<\/span>. Genera en ellos capacidad de asombro, una gran motivaci\u00f3n por descubrir e investigar sobre diversos temas y les hace m\u00e1s part\u00edcipes y conscientes de su proceso de aprendizaje. Esta metodolog\u00eda propicia actividades de observaci\u00f3n, manipulaci\u00f3n, experimentaci\u00f3n y reflexi\u00f3n que son necesarias para un sano desarrollo y para la consolidaci\u00f3n de aprendizajes. <\/span><\/p>\n<p><span style=\"font-family: tahoma, arial, helvetica, sans-serif;\">La introducci\u00f3n de la lengua extranjera (ingl\u00e9s) y el uso del valenciano son aspectos a destacar en nuestro centro ya que la exposici\u00f3n temprana a los idiomas es clave para la adquisici\u00f3n de los mismos. Tambi\u00e9n consideramos relevante nuestro nuevo proyecto pedag\u00f3gico: <strong><span style=\"color: #339966;\">Inspira<\/span><\/strong>. Inspira es: contacto con la naturaleza, belleza, calma, experimentaci\u00f3n, materiales nobles,huerto, expresi\u00f3n y sensibilidad art\u00edstica. Y desde ah\u00ed, proponemos a los ni\u00f1os conocer nuevos temas de inter\u00e9s. A nivel Pastoral, la mayor parte de actividades se llevan a cabo de forma globalizada junto al resto de actividades pastorales del centro (infancia misionera,Navidad, Campa\u00f1a del kilo, San Jos\u00e9, etc.) <\/span><\/p>\n<p><span style=\"font-family: tahoma, arial, helvetica, sans-serif;\">Por \u00faltimo, destacar la estrecha relaci\u00f3n que hay entre la escuela y la familia. A trav\u00e9s de diversas actividades y \u00e1reas, hacemos part\u00edcipes a las familias del proceso de ense\u00f1anza-aprendizaje de sus hijos\/as.<\/span><\/p>\n<p><a href=\"https:\/\/www.ptosanjose.com\/colegio\/visita-nuestro-centro\/\"><img loading=\"lazy\" decoding=\"async\" class=\"aligncenter wp-image-4785 size-medium\" src=\"https:\/\/www.ptosanjose.com\/colegio\/wp-content\/uploads\/2021\/04\/Logotipo-de-Deportes-Turquesa-con-Boto\u0301n-de-Reproduccio\u0301n-300x78.png\" alt=\"\" width=\"300\" height=\"78\" srcset=\"https:\/\/www.ptosanjose.com\/colegio\/wp-content\/uploads\/2021\/04\/Logotipo-de-Deportes-Turquesa-con-Boto\u0301n-de-Reproduccio\u0301n-300x78.png 300w, https:\/\/www.ptosanjose.com\/colegio\/wp-content\/uploads\/2021\/04\/Logotipo-de-Deportes-Turquesa-con-Boto\u0301n-de-Reproduccio\u0301n-1024x265.png 1024w, https:\/\/www.ptosanjose.com\/colegio\/wp-content\/uploads\/2021\/04\/Logotipo-de-Deportes-Turquesa-con-Boto\u0301n-de-Reproduccio\u0301n-768x199.png 768w, https:\/\/www.ptosanjose.com\/colegio\/wp-content\/uploads\/2021\/04\/Logotipo-de-Deportes-Turquesa-con-Boto\u0301n-de-Reproduccio\u0301n-1140x298.png 1140w, https:\/\/www.ptosanjose.com\/colegio\/wp-content\/uploads\/2021\/04\/Logotipo-de-Deportes-Turquesa-con-Boto\u0301n-de-Reproduccio\u0301n-600x155.png 600w, https:\/\/www.ptosanjose.com\/colegio\/wp-content\/uploads\/2021\/04\/Logotipo-de-Deportes-Turquesa-con-Boto\u0301n-de-Reproduccio\u0301n.png 1151w\" sizes=\"auto, (max-width: 300px) 100vw, 300px\" \/><\/a><\/p>\n","protected":false},"excerpt":{"rendered":"<p>En nuestro centro los ni\u00f1os pueden iniciar su escolaridad desde el primer ciclo de infantil (de 1 a 3 a\u00f1os) &hellip; <\/p>\n","protected":false},"author":28,"featured_media":0,"parent":0,"menu_order":0,"comment_status":"closed","ping_status":"closed","template":"","meta":{"_eb_attr":"","footnotes":""},"class_list":["post-4775","page","type-page","status-publish","hentry","latest_post"],"_links":{"self":[{"href":"https:\/\/www.ptosanjose.com\/colegio\/wp-json\/wp\/v2\/pages\/4775","targetHints":{"allow":["GET"]}}],"collection":[{"href":"https:\/\/www.ptosanjose.com\/colegio\/wp-json\/wp\/v2\/pages"}],"about":[{"href":"https:\/\/www.ptosanjose.com\/colegio\/wp-json\/wp\/v2\/types\/page"}],"author":[{"embeddable":true,"href":"https:\/\/www.ptosanjose.com\/colegio\/wp-json\/wp\/v2\/users\/28"}],"replies":[{"embeddable":true,"href":"https:\/\/www.ptosanjose.com\/colegio\/wp-json\/wp\/v2\/comments?post=4775"}],"version-history":[{"count":5,"href":"https:\/\/www.ptosanjose.com\/colegio\/wp-json\/wp\/v2\/pages\/4775\/revisions"}],"predecessor-version":[{"id":4793,"href":"https:\/\/www.ptosanjose.com\/colegio\/wp-json\/wp\/v2\/pages\/4775\/revisions\/4793"}],"wp:attachment":[{"href":"https:\/\/www.ptosanjose.com\/colegio\/wp-json\/wp\/v2\/media?parent=4775"}],"curies":[{"name":"wp","href":"https:\/\/api.w.org\/{rel}","templated":true}]}}