{"id":4840,"date":"2021-05-28T08:29:40","date_gmt":"2021-05-28T07:29:40","guid":{"rendered":"https:\/\/www.ptosanjose.com\/colegio\/?page_id=4840"},"modified":"2025-07-23T09:56:48","modified_gmt":"2025-07-23T08:56:48","slug":"admision","status":"publish","type":"page","link":"https:\/\/www.ptosanjose.com\/colegio\/admision\/","title":{"rendered":"Admisi\u00f3n 25\/26"},"content":{"rendered":"<ul>\n<li><a href=\"https:\/\/drive.google.com\/file\/d\/1mzlAnxw1RcA_NVIqRjJvg0uQcQIoXVxa\/view?usp=drive_link\"><span style=\"font-family: tahoma, arial, helvetica, sans-serif;\">Calendario de admisi\u00f3n Ciclos Formativos<\/span><\/a><\/li>\n<li><a href=\"https:\/\/drive.google.com\/file\/d\/1kDcwRLcmKCoG8kTdJ3ELLf-GEieMdo5w\/view?usp=drive_link\"><span style=\"font-family: tahoma, arial, helvetica, sans-serif;\">Calendario de admisi\u00f3n Infantil, Primaria y ESO PERIODO ORDINARIO<\/span><\/a><\/li>\n<li><a href=\"https:\/\/drive.google.com\/file\/d\/1kJYegDpykvhIY5g64YRN3ul2OwUYABMs\/view?usp=drive_link\"><span style=\"font-family: tahoma, arial, helvetica, sans-serif;\">Calendario de admisi\u00f3n Infantil, Primaria y ESO PERIODO EXTRAORDINARIO<\/span><\/a><\/li>\n<li><a href=\"https:\/\/drive.google.com\/file\/d\/1vtsSignMzRTHpNT-YyOoGheBS_Q5dmia\/view?usp=drive_link\"><span style=\"font-family: tahoma, arial, helvetica, sans-serif;\">Normativa<\/span><\/a><\/li>\n<li><a href=\"https:\/\/drive.google.com\/file\/d\/1olS5u-2WVSt5L7YRghfClI_FqUpsBLej\/view?usp=drive_link\"><span style=\"font-family: tahoma, arial, helvetica, sans-serif;\">Baremaci\u00f3n<\/span><\/a><\/li>\n<li><span style=\"font-family: tahoma, arial, helvetica, sans-serif;\">\u00c1reas de influencia<\/span><\/li>\n<\/ul>\n<p>&nbsp;<\/p>\n<ul>\n<li><span style=\"font-family: tahoma, arial, helvetica, sans-serif;\"><a href=\"https:\/\/drive.google.com\/file\/d\/1-_Xmm0lybYFNQEFY2SmpbpcODA7Kboev\/view?usp=drive_link\">Listado de admitidos CFGM 1\u00ba Auxiliar de enfermer\u00eda (2025\/26)<\/a> <span style=\"color: #ff0000;\">A partir del 23 de julio<\/span><\/span><\/li>\n<li><span style=\"font-family: tahoma, arial, helvetica, sans-serif;\"><a href=\"https:\/\/drive.google.com\/file\/d\/1QAElnk56IUlgUlxU9ETkre-OLNvYD6fI\/view?usp=sharing\">Listado de admitidos CFGM 1\u00ba\u00a0 de Farmacia y Parafarmacia(2025\/26)<\/a> <span style=\"color: #ff0000;\">A partir del 23 de julio<\/span><\/span><\/li>\n<\/ul>\n<p>&nbsp;<\/p>\n","protected":false},"excerpt":{"rendered":"<p>Calendario de admisi\u00f3n Ciclos Formativos Calendario de admisi\u00f3n Infantil, Primaria y ESO PERIODO ORDINARIO Calendario de admisi\u00f3n Infantil, Primaria y &hellip; <\/p>\n","protected":false},"author":28,"featured_media":0,"parent":0,"menu_order":0,"comment_status":"closed","ping_status":"closed","template":"","meta":{"_eb_attr":"","footnotes":""},"class_list":["post-4840","page","type-page","status-publish","hentry","latest_post"],"_links":{"self":[{"href":"https:\/\/www.ptosanjose.com\/colegio\/wp-json\/wp\/v2\/pages\/4840","targetHints":{"allow":["GET"]}}],"collection":[{"href":"https:\/\/www.ptosanjose.com\/colegio\/wp-json\/wp\/v2\/pages"}],"about":[{"href":"https:\/\/www.ptosanjose.com\/colegio\/wp-json\/wp\/v2\/types\/page"}],"author":[{"embeddable":true,"href":"https:\/\/www.ptosanjose.com\/colegio\/wp-json\/wp\/v2\/users\/28"}],"replies":[{"embeddable":true,"href":"https:\/\/www.ptosanjose.com\/colegio\/wp-json\/wp\/v2\/comments?post=4840"}],"version-history":[{"count":17,"href":"https:\/\/www.ptosanjose.com\/colegio\/wp-json\/wp\/v2\/pages\/4840\/revisions"}],"predecessor-version":[{"id":5672,"href":"https:\/\/www.ptosanjose.com\/colegio\/wp-json\/wp\/v2\/pages\/4840\/revisions\/5672"}],"wp:attachment":[{"href":"https:\/\/www.ptosanjose.com\/colegio\/wp-json\/wp\/v2\/media?parent=4840"}],"curies":[{"name":"wp","href":"https:\/\/api.w.org\/{rel}","templated":true}]}}