{"id":591,"date":"2016-02-17T12:04:22","date_gmt":"2016-02-17T12:04:22","guid":{"rendered":"http:\/\/www.ptosanjose.com\/?page_id=591"},"modified":"2020-05-20T08:33:10","modified_gmt":"2020-05-20T07:33:10","slug":"ciclos-formativos","status":"publish","type":"page","link":"https:\/\/www.ptosanjose.com\/colegio\/ciclos-formativos\/","title":{"rendered":"Ciclos Formativos"},"content":{"rendered":"\n<!--more-->\n\n\n\n<h2 class=\"wp-block-heading\">T\u00e9cnico Cuidados Auxiliares Enfermer\u00eda<\/h2>\n\n\n\n<h3 class=\"wp-block-heading\">Perfil Profesional: <\/h3>\n\n\n\n<figure class=\"wp-block-image size-large is-resized\"><img loading=\"lazy\" decoding=\"async\" src=\"https:\/\/www.ptosanjose.com\/colegio\/wp-content\/uploads\/2020\/04\/PHOTO-2020-04-30-14-35-32.jpg\" alt=\"\" class=\"wp-image-3209\" width=\"254\" height=\"268\" srcset=\"https:\/\/www.ptosanjose.com\/colegio\/wp-content\/uploads\/2020\/04\/PHOTO-2020-04-30-14-35-32.jpg 701w, https:\/\/www.ptosanjose.com\/colegio\/wp-content\/uploads\/2020\/04\/PHOTO-2020-04-30-14-35-32-600x633.jpg 600w, https:\/\/www.ptosanjose.com\/colegio\/wp-content\/uploads\/2020\/04\/PHOTO-2020-04-30-14-35-32-284x300.jpg 284w\" sizes=\"auto, (max-width: 254px) 100vw, 254px\" \/><\/figure>\n\n\n\n<p>El T\u00e9cnico en Cuidados Auxiliares de Enfermer\u00eda, est\u00e1 cualificado para desarrollar su actividad profesional en campos como: la preparaci\u00f3n de materiales, el proceso de la informaci\u00f3n; la aplicaci\u00f3n de cuidados auxiliares de enfermer\u00eda al paciente; el cuidado de las condiciones sanitarias del paciente; el cuidado de las condiciones sanitarias del entorno del paciente y del material instrumental sanitario; la colaboraci\u00f3n en la prestaci\u00f3n de cuidados ps\u00edquicos al paciente realizando, a su nivel, la aplicaci\u00f3n de t\u00e9cnicas de apoyo psicol\u00f3gico y educaci\u00f3n sanitaria.<\/p>\n\n\n\n<h3 class=\"wp-block-heading\">Caracter\u00edsticas del T\u00edtulo: <\/h3>\n\n\n\n<p>Estos estudios oficiales se enmarcan dentro de los Ciclos Formativos de Grado Medio; pertenecen a la Familia Sanitaria.<br>Nivel: Formaci\u00f3n Profesional de Grado Medio. Contenidos de los M\u00f3dulos Enfermer\u00eda<\/p>\n\n\n\n<h3 class=\"wp-block-heading\">Contenidos de los M\u00f3dulos Enfermer\u00eda<\/h3>\n\n\n\n<p><strong>Primer Curso (960 horas te\u00f3ricas)<\/strong><br>\u2022 Operaciones Administrativas y Documentaci\u00f3n Sanitaria. (2 horas \u00a1semanales)<br>\u2022 T\u00e9cnicas B\u00e1sicas de Enfermer\u00eda. (11 h\/s)<br>\u2022 Higiene del Medio Hospitalario y Limpieza del Material. (5 horas \u00a1semanales)<br>\u2022 Promoci\u00f3n de la Salud y Apoyo Psicol\u00f3gico al Paciente. (4 horas \u00a1semanales)<br>\u2022 T\u00e9cnicas de Ayuda Odontoestomatol\u00f3gica. (4 h\/s)<br>\u2022 Relaciones en el Entorno de Trabajo. (2 h\/s)<br>\u2022 Formaci\u00f3n y Orientaci\u00f3n Laboral. (2 h\/s)<br>Segundo Curso (440 horas pr\u00e1cticas)<br>\u2022 Formaci\u00f3n en Centros de Trabajo (FCT).<br>Finalizada la formaci\u00f3n te\u00f3rica en el centro educativo, el alumno realiza pr\u00e1cticas tuteladas, propias de la profesi\u00f3n, en centros de trabajo del sector.<br><strong>Titulaci\u00f3n<\/strong>: Al finalizar los estudios, se obtiene el correspondiente <strong>T\u00edtulo de T\u00e9cnico en Cuidados Auxiliares de Enfermer\u00eda.<\/strong><\/p>\n\n\n\n<h2 class=\"wp-block-heading\">T\u00e9cnico en Farmacia y Parafarmacia<\/h2>\n\n\n\n<h3 class=\"wp-block-heading\"><strong>Perfil Profesional:<\/strong> <\/h3>\n\n\n\n<p>El T\u00e9cnico en Farmacia est\u00e1 cualificado para desempe\u00f1ar su actividad profesional en los siguientes campos: farmacia hospitalaria, oficina de farmacia, almacenes de distribuci\u00f3n de medicamentos y establecimientos de parafarmacia. Sus tareas ser\u00e1n, entre otras, las siguientes: control<br>facturaci\u00f3n de pedidos, dispensaci\u00f3n de medicamentos, elaboraci\u00f3n de preparados farmac\u00e9uticos y parafarmac\u00e9uticos (diet\u00e9ticos y cosm\u00e9ticos), F\u00f3rmulas Magistrales, Preparados Oficinales (de acuerdo con la normativa establecida) bajo la supervisi\u00f3n<br>facultativo.<\/p>\n\n\n\n<figure class=\"wp-block-image size-large is-resized\"><img loading=\"lazy\" decoding=\"async\" src=\"https:\/\/www.ptosanjose.com\/colegio\/wp-content\/uploads\/2020\/04\/PHOTO-2020-04-30-14-35-33-914x1024.jpg\" alt=\"\" class=\"wp-image-3211\" width=\"467\" height=\"522\" srcset=\"https:\/\/www.ptosanjose.com\/colegio\/wp-content\/uploads\/2020\/04\/PHOTO-2020-04-30-14-35-33-914x1024.jpg 914w, https:\/\/www.ptosanjose.com\/colegio\/wp-content\/uploads\/2020\/04\/PHOTO-2020-04-30-14-35-33-600x672.jpg 600w, https:\/\/www.ptosanjose.com\/colegio\/wp-content\/uploads\/2020\/04\/PHOTO-2020-04-30-14-35-33-268x300.jpg 268w, https:\/\/www.ptosanjose.com\/colegio\/wp-content\/uploads\/2020\/04\/PHOTO-2020-04-30-14-35-33-768x860.jpg 768w, https:\/\/www.ptosanjose.com\/colegio\/wp-content\/uploads\/2020\/04\/PHOTO-2020-04-30-14-35-33.jpg 951w\" sizes=\"auto, (max-width: 467px) 100vw, 467px\" \/><\/figure>\n\n\n\n<h3 class=\"wp-block-heading\">Caracter\u00edsticas del T\u00edtulo:<\/h3>\n\n\n\n<p>Estos estudios oficiales se enmarcan dentro de los Ciclos Formativos de Grado Medio; pertenecen a la Familia Sanitaria.<br>Nivel: Formaci\u00f3n Profesional de Grado Medio.<br><strong>Contenidos de los M\u00f3dulos Farmacia<\/strong><br>Primer Curso (960 horas te\u00f3ricas)<br>Disposici\u00f3n y Venta de Productos. (3 h\/s)<br>Dispensaci\u00f3n Productos Parafarmac\u00e9uticos. (7 h\/s)<br>Operaciones B\u00e1sicas de Laboratorio. (8 hls)<br>Promoci\u00f3n de la Salud. (3 horas\/semanales)<br>Anatomofisiolog\u00eda y Patolog\u00eda B\u00e1sicas. (3 h\/s)<br>Ingl\u00e9s T\u00e9cnico-l. (2 horas\/semanales)<br>Formaci\u00f3n y Orientaci\u00f3n Laboral. (3 h\/s)<br><strong>Segundo Curso<\/strong> (660 h. te\u00f3ricas l380 pr\u00e1cticas)<br>Oficina de Farmacia. (7 horas \u00a1semanales)<br>Dispensaci\u00f3n de Productos Farmac\u00e9uticos. (8 h\/s)<br>Formulaci\u00f3n Magistral. (7 horas \u00a1semanales)<br>Primeros Auxilios. (3 horas \u00a1semanales)<br>Ingl\u00e9s T\u00e9cnico-lI. (2 horas\/semanales)<br>Empresa e Iniciativa Emprendedora. (3 h\/s)<br>Formaci\u00f3n en Centros de Trabajo (FCT)<br>Finalizada la formaci\u00f3n te\u00f3rica en el centro educativo, el alumno realiza pr\u00e1cticas tuteladas, propias de profesi\u00f3n, en centros de trabajo del sector.<br><strong>Titulaci\u00f3n<\/strong>: Al finalizar los estudios, se obtiene el correspondiente <strong>T\u00edtulo de T\u00e9cnico en Farmacia y Para- farmacia.<\/strong><\/p>\n\n\n\n<h2 class=\"wp-block-heading\">Acceso a Estudios Superiores<\/h2>\n\n\n\n<p>Al finalizar estos Ciclos Formativos, los alumnos pueden acceder, adem\u00e1s de al mundo profesional, a otro <strong>Ciclo Formativo de Grado Medio y a Bachillerato;<\/strong> as\u00ed como a un<strong> Ciclo Formativo de Grado Superior de la misma familia<\/strong>, mediante prueba de acceso, siempre que se hayan cumplido los 18 a\u00f1os.<\/p>\n","protected":false},"excerpt":{"rendered":"","protected":false},"author":1,"featured_media":0,"parent":0,"menu_order":0,"comment_status":"closed","ping_status":"open","template":"","meta":{"_eb_attr":"","footnotes":""},"class_list":["post-591","page","type-page","status-publish","hentry","latest_post"],"_links":{"self":[{"href":"https:\/\/www.ptosanjose.com\/colegio\/wp-json\/wp\/v2\/pages\/591","targetHints":{"allow":["GET"]}}],"collection":[{"href":"https:\/\/www.ptosanjose.com\/colegio\/wp-json\/wp\/v2\/pages"}],"about":[{"href":"https:\/\/www.ptosanjose.com\/colegio\/wp-json\/wp\/v2\/types\/page"}],"author":[{"embeddable":true,"href":"https:\/\/www.ptosanjose.com\/colegio\/wp-json\/wp\/v2\/users\/1"}],"replies":[{"embeddable":true,"href":"https:\/\/www.ptosanjose.com\/colegio\/wp-json\/wp\/v2\/comments?post=591"}],"version-history":[{"count":8,"href":"https:\/\/www.ptosanjose.com\/colegio\/wp-json\/wp\/v2\/pages\/591\/revisions"}],"predecessor-version":[{"id":3582,"href":"https:\/\/www.ptosanjose.com\/colegio\/wp-json\/wp\/v2\/pages\/591\/revisions\/3582"}],"wp:attachment":[{"href":"https:\/\/www.ptosanjose.com\/colegio\/wp-json\/wp\/v2\/media?parent=591"}],"curies":[{"name":"wp","href":"https:\/\/api.w.org\/{rel}","templated":true}]}}